{"id":11422,"date":"2025-02-04T10:46:00","date_gmt":"2025-02-04T10:46:00","guid":{"rendered":"https:\/\/ultbit.com\/m2camper\/?page_id=11422"},"modified":"2026-04-08T17:38:49","modified_gmt":"2026-04-08T15:38:49","slug":"politica-de-privadesa","status":"publish","type":"page","link":"https:\/\/m2camper.com\/ca\/politica-de-privadesa\/","title":{"rendered":"Pol\u00edtica de privadesa"},"content":{"rendered":"<div data-elementor-type=\"wp-page\" data-elementor-id=\"11422\" class=\"elementor elementor-11422\" data-elementor-post-type=\"page\">\n\t\t\t\t<div class=\"elementor-element elementor-element-404c8f1 e-flex e-con-boxed e-con e-parent\" data-id=\"404c8f1\" data-element_type=\"container\" data-e-type=\"container\" data-settings=\"{&quot;background_background&quot;:&quot;classic&quot;}\">\n\t\t\t\t\t<div class=\"e-con-inner\">\n\t\t\t\t<div class=\"elementor-element elementor-element-0e987a4 elementor-widget elementor-widget-text-editor\" data-id=\"0e987a4\" data-element_type=\"widget\" data-e-type=\"widget\" data-widget_type=\"text-editor.default\">\n\t\t\t\t<div class=\"elementor-widget-container\">\n\t\t\t\t\t\t\t\t\t<h2 style=\"color: #000000 !important;\">POL\u00cdTICA DE PRIVACITAT<\/h2><h3 style=\"color: #000000 !important;\">1. INFORMACI\u00d3 PER A L'USUARI<\/h3><p><strong>Qui \u00e9s el responsable del tractament de les teves dades personals?<\/strong><\/p><p>MARIA ISABEL ARTAL MORENO (M2 CAMPER) \u00e9s la RESPONSABLE del tractament de les dades personals de l\u2019USUARI i l\u2019informa que aquestes dades seran tractades de conformitat amb el que disposa el Reglament (UE) 2016\/679, de 27 d\u2019abril (GDPR), i la Llei Org\u00e0nica 3\/2018, de 5 de desembre (LOPDGDD).<\/p><p><strong>Per qu\u00e8 tractem les teves dades personals?<\/strong><\/p><p>Per mantenir una relaci\u00f3 comercial amb l\u2019usuari. Les operacions previstes per al tractament s\u00f3n:<\/p><ul><li>Enviament de comunicacions comercials publicit\u00e0ries per correu electr\u00f2nic, fax, SMS, MMS, xarxes socials o qualsevol altre mitj\u00e0 electr\u00f2nic o f\u00edsic, present o futur, que permeti efectuar comunicacions comercials. Aquestes comunicacions seran realitzades pel RESPONSABLE i estaran relacionades amb els seus productes i serveis, o amb els dels seus col\u00b7laboradors o prove\u00efdors, amb els quals hagi assolit algun acord de promoci\u00f3. En aquest cas, els tercers mai tindran acc\u00e9s a les dades personals.<\/li><li>Realitzar estudis de mercat i an\u00e0lisis estad\u00edstiques.<\/li><li>Tramitar enc\u00e0rrecs de sol\u00b7licituds, donar resposta a les consultes o qualsevol tipus de petici\u00f3 que realitzi l\u2019USUARI a trav\u00e9s de qualsevol de les formes de contacte que es posen a la seva disposici\u00f3 a la p\u00e0gina web del RESPONSABLE.<\/li><li>Enviar el butllet\u00ed informatiu en l\u00ednia sobre novetats, ofertes i promocions de la nostra activitat.<\/li><\/ul><p><strong>Per quin motiu podem tractar les teves dades personals?<\/strong><\/p><p>Perqu\u00e8 el tractament est\u00e0 legitimat per l\u2019article 6 del GDPR de la seg\u00fcent manera:<\/p><ul><li>Amb el consentiment de l\u2019USUARI: enviament de comunicacions comercials i del butllet\u00ed informatiu.<\/li><li>Per inter\u00e8s leg\u00edtim del RESPONSABLE: realitzar estudis de mercat, an\u00e0lisis estad\u00edstiques, etc., i tramitar enc\u00e0rrecs, sol\u00b7licituds, etc. a petici\u00f3 de l\u2019USUARI.<\/li><\/ul><p><strong>Durant quant de temps conservarem les teves dades personals?<\/strong><\/p><p>Es conservaran durant no m\u00e9s temps del necessari per mantenir la finalitat del tractament o mentre existeixin obligacions legals que en determinin la cust\u00f2dia i, quan ja no sigui necessari, se suprimiran amb mesures de seguretat adequades per garantir l\u2019anonimitzaci\u00f3 de les dades o la seva destrucci\u00f3 total.<\/p><p><strong>A qui facilitem les teves dades personals?<\/strong><\/p><p>No est\u00e0 prevista cap comunicaci\u00f3 de dades personals a tercers, excepte si fos necessari per al desenvolupament i execuci\u00f3 de les finalitats del tractament, als nostres prove\u00efdors de serveis relacionats amb les comunicacions, amb els quals el RESPONSABLE ha formalitzat els contractes de confidencialitat i d\u2019encarregat del tractament exigits per la normativa vigent de privacitat.<\/p><p><strong>Quins s\u00f3n els teus drets?<\/strong><\/p><p>Els drets que t\u00e9 l\u2019USUARI s\u00f3n:<\/p><ul><li>Dret a retirar-ne el consentiment en qualsevol moment.<\/li><li>Dret d\u2019acc\u00e9s, rectificaci\u00f3, portabilitat i supressi\u00f3 de les seves dades, aix\u00ed com de limitaci\u00f3 o oposici\u00f3 al seu tractament.<\/li><li>Derecho a presentar una reclamaci\u00f3n ante la autoridad de control (<a href=\"https:\/\/www.aepd.es\" target=\"_blank\" rel=\"noopener noreferrer\">www.aepd.es<\/a>) si considera que el tratamiento no se ajusta a la normativa vigente.<\/li><\/ul><p><strong>Dades de contacte per exercir els seus drets:<\/strong><\/p><p>MARIA ISABEL ARTAL MORENO (M2 CAMPER). Carrer de Num\u00e0ncia, 30 \u2013 08184 Palau-solit\u00e0 i Plegamans (Barcelona). E-mail: <a href=\"mailto:m2camper@gmail.com\">m2camper@gmail.com<\/a><\/p><h3 style=\"color: #000000 !important;\">2. CAR\u00c0CTER OBLIGATORI O FACULTATIU DE LA INFORMACI\u00d3 FACILITADA PER L\u2019USUARI<\/h3><p>Els USUARIS, mitjan\u00e7ant les caselles corresponents i la introducci\u00f3 de dades als camps marcats amb l\u2019asterisc (*) en el formulari de contacte o presentats en formularis de desc\u00e0rrega, accepten expressament i de manera lliure i inequ\u00edvoca que les seves dades s\u00f3n necess\u00e0ries per atendre la seva petici\u00f3 per part del prestador, sent per tant volunt\u00e0ria la inclusi\u00f3 de dades en la resta de camps. L\u2019USUARI garanteix que les dades personals facilitades al RESPONSABLE s\u00f3n veraces i es fa responsable de comunicar qualsevol modificaci\u00f3 d\u2019aquestes.<\/p><p>El RESPONSABLE informa que totes les dades sol\u00b7licitades a trav\u00e9s del lloc web s\u00f3n obligat\u00f2ries, ja que s\u00f3n necess\u00e0ries per a la prestaci\u00f3 d\u2019un servei \u00f2ptim a l\u2019USUARI. En cas que no es facilitin totes les dades, no es garanteix que la informaci\u00f3 i els serveis facilitats s\u2019ajustin completament a les seves necessitats.<\/p><h3 style=\"color: #000000 !important;\">3. MESURES DE SEGURETAT<\/h3><p>Que, de conformitat amb el que disposen les normatives vigents en mat\u00e8ria de protecci\u00f3 de dades personals, el RESPONSABLE compleix amb totes les disposicions de les normatives GDPR i LOPDGDD per al tractament de les dades personals sota la seva responsabilitat, i de manera expressa amb els principis descrits a l\u2019article 5 del GDPR, pels quals es tracten de manera l\u00edcita, lleial i transparent en relaci\u00f3 amb l\u2019interessat i adequades, pertinents i limitades al necessari en relaci\u00f3 amb les finalitats per a les quals s\u00f3n tractades.<\/p><p>El RESPONSABLE garanteix que ha implementat pol\u00edtiques t\u00e8cniques i organitzatives adequades per aplicar les mesures de seguretat establertes pel GDPR i la LOPDGDD, amb la finalitat de protegir els drets i llibertats dels USUARIS, i els ha comunicat la informaci\u00f3 adequada perqu\u00e8 puguin exercir-los.<\/p><p>Per a m\u00e9s informaci\u00f3 sobre les garanties de privacitat, pots adre\u00e7ar-te al RESPONSABLE a trav\u00e9s de MARIA ISABEL ARTAL MORENO (M2 CAMPER). Carrer de Num\u00e0ncia, 30 \u2013 08184 Palau-solit\u00e0 i Plegamans (Barcelona). E-mail: <a href=\"mailto:m2camper@gmail.com\">m2camper@gmail.com<\/a><\/p>\t\t\t\t\t\t\t\t<\/div>\n\t\t\t\t<\/div>\n\t\t\t\t\t<\/div>\n\t\t\t\t<\/div>\n\t\t\t\t<\/div>","protected":false},"excerpt":{"rendered":"<p>POL\u00cdTICA DE PRIVACIDAD 1. INFORMACI\u00d3N PARA EL USUARIO \u00bfQui\u00e9n es el responsable del tratamiento de tus datos personales? MARIA ISABEL ARTAL MORENO (M2 CAMPER) es el RESPONSABLE del tratamiento de los datos personales del USUARIO y le informa de que estos datos ser\u00e1n tratados de conformidad con lo dispuesto en el Reglamento (UE) 2016\/679, de&hellip;&nbsp;<a href=\"https:\/\/m2camper.com\/ca\/politica-de-privadesa\/\" rel=\"bookmark\">Llegiu m\u00e9s \u00bb<span class=\"screen-reader-text\">Pol\u00edtica de privadesa<\/span><\/a><\/p>","protected":false},"author":5740,"featured_media":0,"parent":0,"menu_order":0,"comment_status":"closed","ping_status":"closed","template":"page-templates\/template-pagebuilder-full-width.php","meta":{"neve_meta_sidebar":"","neve_meta_container":"","neve_meta_enable_content_width":"off","neve_meta_content_width":100,"neve_meta_title_alignment":"","neve_meta_author_avatar":"","neve_post_elements_order":"","neve_meta_disable_header":"","neve_meta_disable_footer":"","neve_meta_disable_title":"","footnotes":""},"class_list":["post-11422","page","type-page","status-publish","hentry"],"yoast_head":"<!-- This site is optimized with the Yoast SEO plugin v27.4 - https:\/\/yoast.com\/product\/yoast-seo-wordpress\/ -->\n<title>Pol\u00edtica de privacidad - M2 Camper | Aislantes t\u00e9rmicos y oscurecedores para campers<\/title>\n<meta name=\"robots\" content=\"noindex, nofollow\" \/>\n<meta property=\"og:locale\" content=\"ca_ES\" \/>\n<meta property=\"og:type\" content=\"article\" \/>\n<meta property=\"og:title\" content=\"Pol\u00edtica de privacidad - M2 Camper | Aislantes t\u00e9rmicos y oscurecedores para campers\" \/>\n<meta property=\"og:description\" content=\"POL\u00cdTICA DE PRIVACIDAD 1. INFORMACI\u00d3N PARA EL USUARIO \u00bfQui\u00e9n es el responsable del tratamiento de tus datos personales? MARIA ISABEL ARTAL MORENO (M2 CAMPER) es el RESPONSABLE del tratamiento de los datos personales del USUARIO y le informa de que estos datos ser\u00e1n tratados de conformidad con lo dispuesto en el Reglamento (UE) 2016\/679, de&hellip;&nbsp;Llegiu m\u00e9s &raquo;Pol\u00edtica de privacidad\" \/>\n<meta property=\"og:url\" content=\"https:\/\/m2camper.com\/ca\/politica-de-privadesa\/\" \/>\n<meta property=\"og:site_name\" content=\"M2 Camper | Aislantes t\u00e9rmicos y oscurecedores para campers\" \/>\n<meta property=\"article:modified_time\" content=\"2026-04-08T15:38:49+00:00\" \/>\n<meta name=\"twitter:card\" content=\"summary_large_image\" \/>\n<meta name=\"twitter:label1\" content=\"Temps estimat de lectura\" \/>\n\t<meta name=\"twitter:data1\" content=\"4 minuts\" \/>\n<script type=\"application\/ld+json\" class=\"yoast-schema-graph\">{\"@context\":\"https:\\\/\\\/schema.org\",\"@graph\":[{\"@type\":\"WebPage\",\"@id\":\"https:\\\/\\\/m2camper.com\\\/politica-de-privacidad\\\/\",\"url\":\"https:\\\/\\\/m2camper.com\\\/politica-de-privacidad\\\/\",\"name\":\"Pol\u00edtica de privacidad - M2 Camper | Aislantes t\u00e9rmicos y oscurecedores para campers\",\"isPartOf\":{\"@id\":\"https:\\\/\\\/m2camper.com\\\/pt\\\/#website\"},\"datePublished\":\"2025-02-04T10:46:00+00:00\",\"dateModified\":\"2026-04-08T15:38:49+00:00\",\"breadcrumb\":{\"@id\":\"https:\\\/\\\/m2camper.com\\\/politica-de-privacidad\\\/#breadcrumb\"},\"inLanguage\":\"ca\",\"potentialAction\":[{\"@type\":\"ReadAction\",\"target\":[\"https:\\\/\\\/m2camper.com\\\/politica-de-privacidad\\\/\"]}]},{\"@type\":\"BreadcrumbList\",\"@id\":\"https:\\\/\\\/m2camper.com\\\/politica-de-privacidad\\\/#breadcrumb\",\"itemListElement\":[{\"@type\":\"ListItem\",\"position\":1,\"name\":\"Portada\",\"item\":\"https:\\\/\\\/m2camper.com\\\/pt\\\/\"},{\"@type\":\"ListItem\",\"position\":2,\"name\":\"Pol\u00edtica de privacidad\"}]},{\"@type\":\"WebSite\",\"@id\":\"https:\\\/\\\/m2camper.com\\\/pt\\\/#website\",\"url\":\"https:\\\/\\\/m2camper.com\\\/pt\\\/\",\"name\":\"M2 Campers | Aislantes t\u00e9rmicos y oscurecedores para campers\",\"description\":\"Descubre calidad y confort de nuestros aislantes t\u00e9rmicos oscurecedores y colchones para veh\u00edculos. Optimiza tu experiencia en carretera con M2 Camper.\",\"potentialAction\":[{\"@type\":\"SearchAction\",\"target\":{\"@type\":\"EntryPoint\",\"urlTemplate\":\"https:\\\/\\\/m2camper.com\\\/pt\\\/?s={search_term_string}\"},\"query-input\":{\"@type\":\"PropertyValueSpecification\",\"valueRequired\":true,\"valueName\":\"search_term_string\"}}],\"inLanguage\":\"ca\"}]}<\/script>\n<!-- \/ Yoast SEO plugin. -->","yoast_head_json":{"title":"Pol\u00edtica de privadesa - M2 Camper |","robots":{"index":"noindex","follow":"nofollow"},"og_locale":"ca_ES","og_type":"article","og_title":"Pol\u00edtica de privacidad - M2 Camper | Aislantes t\u00e9rmicos y oscurecedores para campers","og_description":"POL\u00cdTICA DE PRIVACIDAD 1. INFORMACI\u00d3N PARA EL USUARIO \u00bfQui\u00e9n es el responsable del tratamiento de tus datos personales? MARIA ISABEL ARTAL MORENO (M2 CAMPER) es el RESPONSABLE del tratamiento de los datos personales del USUARIO y le informa de que estos datos ser\u00e1n tratados de conformidad con lo dispuesto en el Reglamento (UE) 2016\/679, de&hellip;&nbsp;Llegiu m\u00e9s &raquo;Pol\u00edtica de privacidad","og_url":"https:\/\/m2camper.com\/ca\/politica-de-privadesa\/","og_site_name":"M2 Camper | Aislantes t\u00e9rmicos y oscurecedores para campers","article_modified_time":"2026-04-08T15:38:49+00:00","twitter_card":"summary_large_image","twitter_misc":{"Temps estimat de lectura":"4 minuts"},"schema":{"@context":"https:\/\/schema.org","@graph":[{"@type":"WebPage","@id":"https:\/\/m2camper.com\/politica-de-privacidad\/","url":"https:\/\/m2camper.com\/politica-de-privacidad\/","name":"Pol\u00edtica de privadesa - M2 Camper |","isPartOf":{"@id":"https:\/\/m2camper.com\/pt\/#website"},"datePublished":"2025-02-04T10:46:00+00:00","dateModified":"2026-04-08T15:38:49+00:00","breadcrumb":{"@id":"https:\/\/m2camper.com\/politica-de-privacidad\/#breadcrumb"},"inLanguage":"ca","potentialAction":[{"@type":"ReadAction","target":["https:\/\/m2camper.com\/politica-de-privacidad\/"]}]},{"@type":"BreadcrumbList","@id":"https:\/\/m2camper.com\/politica-de-privacidad\/#breadcrumb","itemListElement":[{"@type":"ListItem","position":1,"name":"Portada","item":"https:\/\/m2camper.com\/pt\/"},{"@type":"ListItem","position":2,"name":"Pol\u00edtica de privacidad"}]},{"@type":"WebSite","@id":"https:\/\/m2camper.com\/pt\/#website","url":"https:\/\/m2camper.com\/pt\/","name":"M2 Campers | A\u00efllants t\u00e8rmics i enfosquidors per a campers","description":"Descobreix qualitat i confort dels nostres a\u00efllants t\u00e8rmics enfosquidors i matalassos per a vehicles. Optimitza la teva experi\u00e8ncia a la carretera amb M2 Camper.","potentialAction":[{"@type":"SearchAction","target":{"@type":"EntryPoint","urlTemplate":"https:\/\/m2camper.com\/pt\/?s={search_term_string}"},"query-input":{"@type":"PropertyValueSpecification","valueRequired":true,"valueName":"search_term_string"}}],"inLanguage":"ca"}]}},"_links":{"self":[{"href":"https:\/\/m2camper.com\/ca\/wp-json\/wp\/v2\/pages\/11422","targetHints":{"allow":["GET"]}}],"collection":[{"href":"https:\/\/m2camper.com\/ca\/wp-json\/wp\/v2\/pages"}],"about":[{"href":"https:\/\/m2camper.com\/ca\/wp-json\/wp\/v2\/types\/page"}],"author":[{"embeddable":true,"href":"https:\/\/m2camper.com\/ca\/wp-json\/wp\/v2\/users\/5740"}],"replies":[{"embeddable":true,"href":"https:\/\/m2camper.com\/ca\/wp-json\/wp\/v2\/comments?post=11422"}],"version-history":[{"count":22,"href":"https:\/\/m2camper.com\/ca\/wp-json\/wp\/v2\/pages\/11422\/revisions"}],"predecessor-version":[{"id":16935,"href":"https:\/\/m2camper.com\/ca\/wp-json\/wp\/v2\/pages\/11422\/revisions\/16935"}],"wp:attachment":[{"href":"https:\/\/m2camper.com\/ca\/wp-json\/wp\/v2\/media?parent=11422"}],"curies":[{"name":"wp","href":"https:\/\/api.w.org\/{rel}","templated":true}]}}