{"id":11434,"date":"2025-02-04T10:55:04","date_gmt":"2025-02-04T10:55:04","guid":{"rendered":"https:\/\/ultbit.com\/m2camper\/?page_id=11434"},"modified":"2026-04-08T17:37:38","modified_gmt":"2026-04-08T15:37:38","slug":"sitemap","status":"publish","type":"page","link":"https:\/\/m2camper.com\/de\/sitemap\/","title":{"rendered":"Sitemap"},"content":{"rendered":"<div data-elementor-type=\"wp-page\" data-elementor-id=\"11434\" class=\"elementor elementor-11434\" data-elementor-post-type=\"page\">\n\t\t\t\t<div class=\"elementor-element elementor-element-227d581 e-flex e-con-boxed e-con e-parent\" data-id=\"227d581\" data-element_type=\"container\" data-e-type=\"container\">\n\t\t\t\t\t<div class=\"e-con-inner\">\n\t\t\t\t<div class=\"elementor-element elementor-element-a1f8f46 elementor-widget elementor-widget-heading\" data-id=\"a1f8f46\" data-element_type=\"widget\" data-e-type=\"widget\" data-widget_type=\"heading.default\">\n\t\t\t\t<div class=\"elementor-widget-container\">\n\t\t\t\t\t<h2 class=\"elementor-heading-title elementor-size-default\">Sitemap<\/h2>\t\t\t\t<\/div>\n\t\t\t\t<\/div>\n\t\t\t\t<div class=\"elementor-element elementor-element-97445db elementor-widget elementor-widget-sitemap\" data-id=\"97445db\" data-element_type=\"widget\" data-e-type=\"widget\" data-widget_type=\"sitemap.default\">\n\t\t\t\t<div class=\"elementor-widget-container\">\n\t\t\t\t\t<div class=\"elementor-sitemap-wrap\"><div class=\"elementor-sitemap-section\"><h2 class=\"elementor-sitemap-title elementor-sitemap-page-title\">Seiten<\/h2><ul class=\"elementor-sitemap-list elementor-sitemap-page-list\"><li class=\"elementor-sitemap-item elementor-sitemap-item-page page_item page-item-17076\"><a href=\"https:\/\/m2camper.com\/de\/camper-isolierung-barcelona\/\">Ma\u00dfgefertigte Camper-Isolierungen, Verdunkelungen und Matratzen in Barcelona<\/a><\/li><li class=\"elementor-sitemap-item elementor-sitemap-item-page page_item page-item-16245\"><a href=\"https:\/\/m2camper.com\/de\/profil-verwalten\/\">Profil verwalten<\/a><\/li><li class=\"elementor-sitemap-item elementor-sitemap-item-page page_item page-item-12376\"><a href=\"https:\/\/m2camper.com\/de\/taschen\/\">Taschen<\/a><\/li><li class=\"elementor-sitemap-item elementor-sitemap-item-page page_item page-item-12369\"><a href=\"https:\/\/m2camper.com\/de\/warmeisolatoren-lose-teile\/\">W\u00e4rmeisolatoren, lose Teile<\/a><\/li><li class=\"elementor-sitemap-item elementor-sitemap-item-page page_item page-item-12342\"><a href=\"https:\/\/m2camper.com\/de\/saugnapfmuttern\/\">Saugn\u00e4pfe + Muttern<\/a><\/li><li class=\"elementor-sitemap-item elementor-sitemap-item-page page_item page-item-11729\"><a href=\"https:\/\/m2camper.com\/de\/zahlungsarten\/\">Zahlungsarten<\/a><\/li><li class=\"elementor-sitemap-item elementor-sitemap-item-page page_item page-item-11724\"><a href=\"https:\/\/m2camper.com\/de\/versand-und-ruckgabe\/\">Lieferung und R\u00fccksendung<\/a><\/li><li class=\"elementor-sitemap-item elementor-sitemap-item-page page_item page-item-11434\"><a href=\"https:\/\/m2camper.com\/de\/sitemap\/\">Sitemap<\/a><\/li><li class=\"elementor-sitemap-item elementor-sitemap-item-page page_item page-item-11428\"><a href=\"https:\/\/m2camper.com\/de\/cookie-richtlinie\/\">Cookie-Richtlinie<\/a><\/li><li class=\"elementor-sitemap-item elementor-sitemap-item-page page_item page-item-11422\"><a href=\"https:\/\/m2camper.com\/de\/datenschutzrichtlinie\/\">Datenschutzrichtlinie<\/a><\/li><li class=\"elementor-sitemap-item elementor-sitemap-item-page page_item page-item-11416\"><a href=\"https:\/\/m2camper.com\/de\/impressum\/\">Rechtliche Hinweise<\/a><\/li><li class=\"elementor-sitemap-item elementor-sitemap-item-page page_item page-item-11241\"><a href=\"https:\/\/m2camper.com\/de\/benutzerdefinierte-matratzen\/\">Matratzen<\/a><\/li><li class=\"elementor-sitemap-item elementor-sitemap-item-page page_item page-item-11227\"><a href=\"https:\/\/m2camper.com\/de\/verdunkelungsisolatoren-fur-maxus\/\">Verdunkelungsisolatoren f\u00fcr Maxus<\/a><\/li><li class=\"elementor-sitemap-item elementor-sitemap-item-page page_item page-item-11219\"><a href=\"https:\/\/m2camper.com\/de\/verdunkelungsisolatoren-fur-volvo\/\">Verdunkelungsisolatoren f\u00fcr Volvo<\/a><\/li><li class=\"elementor-sitemap-item elementor-sitemap-item-page page_item page-item-11214\"><a href=\"https:\/\/m2camper.com\/de\/verdunkelungsisolatoren-fur-scania\/\">Verdunkelungsisolatoren f\u00fcr Scania<\/a><\/li><li class=\"elementor-sitemap-item elementor-sitemap-item-page page_item page-item-11209\"><a href=\"https:\/\/m2camper.com\/de\/verdunkelungsisolatoren-fur-chevrolet\/\">Verdunkelungsisolatoren f\u00fcr Chevrolet<\/a><\/li><li class=\"elementor-sitemap-item elementor-sitemap-item-page page_item page-item-11204\"><a href=\"https:\/\/m2camper.com\/de\/verdunkelungsisolatoren-fur-porsche\/\">Verdunkelungsisolatoren f\u00fcr Porsche<\/a><\/li><li class=\"elementor-sitemap-item elementor-sitemap-item-page page_item page-item-11199\"><a href=\"https:\/\/m2camper.com\/de\/verdunkelungsisolatoren-fur-jeep\/\">Verdunkelungsisolatoren f\u00fcr Jeep<\/a><\/li><li class=\"elementor-sitemap-item elementor-sitemap-item-page page_item page-item-11194\"><a href=\"https:\/\/m2camper.com\/de\/verdunkelungsisolatoren-fur-hymer\/\">Verdunkelungsisolatoren f\u00fcr Hymer<\/a><\/li><li class=\"elementor-sitemap-item elementor-sitemap-item-page page_item page-item-11189\"><a href=\"https:\/\/m2camper.com\/de\/verdunkelungsisolatoren-fur-bmw\/\">Verdunkelungsisolatoren f\u00fcr BMW<\/a><\/li><li class=\"elementor-sitemap-item elementor-sitemap-item-page page_item page-item-11184\"><a href=\"https:\/\/m2camper.com\/de\/verdunkelungsisolatoren-fur-mitsubishi\/\">Verdunkelungsisolatoren f\u00fcr Mitsubishi<\/a><\/li><li class=\"elementor-sitemap-item elementor-sitemap-item-page page_item page-item-11179\"><a href=\"https:\/\/m2camper.com\/de\/verdunkelungsisolatoren-fur-honda\/\">Verdunkelungsisolatoren f\u00fcr Honda<\/a><\/li><li class=\"elementor-sitemap-item elementor-sitemap-item-page page_item page-item-11174\"><a href=\"https:\/\/m2camper.com\/de\/blackout-isolatoren-fur-mahindra\/\">Blackout-Isolatoren f\u00fcr Mahindra<\/a><\/li><li class=\"elementor-sitemap-item elementor-sitemap-item-page page_item page-item-11169\"><a href=\"https:\/\/m2camper.com\/de\/verdunkelungsisolatoren-fur-die-hande\/\">Verdunkelungsisolatoren f\u00fcr Man<\/a><\/li><li class=\"elementor-sitemap-item elementor-sitemap-item-page page_item page-item-11164\"><a href=\"https:\/\/m2camper.com\/de\/verdunkelungsisolatoren-fur-audi\/\">Verdunkelungsisolatoren f\u00fcr Audi<\/a><\/li><li class=\"elementor-sitemap-item elementor-sitemap-item-page page_item page-item-11159\"><a href=\"https:\/\/m2camper.com\/de\/verdunkelungsisolatoren-fur-subaru\/\">Verdunkelungsisolatoren f\u00fcr Subaru<\/a><\/li><li class=\"elementor-sitemap-item elementor-sitemap-item-page page_item page-item-11154\"><a href=\"https:\/\/m2camper.com\/de\/verdunkelungsisolatoren-fur-kia\/\">Verdunkelungsisolatoren f\u00fcr Kia<\/a><\/li><li class=\"elementor-sitemap-item elementor-sitemap-item-page page_item page-item-11149\"><a href=\"https:\/\/m2camper.com\/de\/verdunkelungsisolatoren-fur-suzuki\/\">Verdunkelungsisolatoren f\u00fcr Suzuki<\/a><\/li><li class=\"elementor-sitemap-item elementor-sitemap-item-page page_item page-item-11144\"><a href=\"https:\/\/m2camper.com\/de\/verdunkelungsisolatoren-fur-mazda\/\">Verdunkelungsisolatoren f\u00fcr Mazda<\/a><\/li><li class=\"elementor-sitemap-item elementor-sitemap-item-page page_item page-item-11139\"><a href=\"https:\/\/m2camper.com\/de\/verdunkelungsisolatoren-fur-chrysler\/\">Verdunkelungsisolatoren f\u00fcr Chrysler<\/a><\/li><li class=\"elementor-sitemap-item elementor-sitemap-item-page page_item page-item-11134\"><a href=\"https:\/\/m2camper.com\/de\/verdunkelungsisolatoren-fur-skoda\/\">Verdunkelungsisolatoren f\u00fcr Skoda<\/a><\/li><li class=\"elementor-sitemap-item elementor-sitemap-item-page page_item page-item-11129\"><a href=\"https:\/\/m2camper.com\/de\/verdunkelungsisolatoren-fur-seat\/\">Verdunkelungsisolatoren f\u00fcr Seat<\/a><\/li><li class=\"elementor-sitemap-item elementor-sitemap-item-page page_item page-item-11124\"><a href=\"https:\/\/m2camper.com\/de\/verdunkelungsisolatoren-fur-hyundai\/\">Verdunkelungsisolatoren f\u00fcr Hyundai<\/a><\/li><li class=\"elementor-sitemap-item elementor-sitemap-item-page page_item page-item-11119\"><a href=\"https:\/\/m2camper.com\/de\/verdunkelungsisolatoren-fur-dacia\/\">Verdunkelungsisolatoren f\u00fcr Dacia<\/a><\/li><li class=\"elementor-sitemap-item elementor-sitemap-item-page page_item page-item-11114\"><a href=\"https:\/\/m2camper.com\/de\/verdunkelungsisolatoren-fur-renault\/\">Verdunkelungsisolatoren f\u00fcr Renault<\/a><\/li><li class=\"elementor-sitemap-item elementor-sitemap-item-page page_item page-item-11109\"><a href=\"https:\/\/m2camper.com\/de\/verdunkelungsisolatoren-fur-land-rover\/\">Verdunkelungsisolatoren f\u00fcr Land Rover<\/a><\/li><li class=\"elementor-sitemap-item elementor-sitemap-item-page page_item page-item-11104\"><a href=\"https:\/\/m2camper.com\/de\/verdunkelungsisolatoren-fur-ssangyong\/\">Verdunkelungsisolatoren f\u00fcr Ssangyong<\/a><\/li><li class=\"elementor-sitemap-item elementor-sitemap-item-page page_item page-item-11099\"><a href=\"https:\/\/m2camper.com\/de\/verdunkelungsisolatoren-fur-iveco\/\">Verdunkelungsisolatoren f\u00fcr Iveco<\/a><\/li><li class=\"elementor-sitemap-item elementor-sitemap-item-page page_item page-item-11094\"><a href=\"https:\/\/m2camper.com\/de\/verdunkelungsisolatoren-fur-ford\/\">Verdunkelungsisolatoren f\u00fcr Ford<\/a><\/li><li class=\"elementor-sitemap-item elementor-sitemap-item-page page_item page-item-11089\"><a href=\"https:\/\/m2camper.com\/de\/verdunkelungsisolatoren-fur-peugeot\/\">Verdunkelungsisolatoren f\u00fcr Peugeot<\/a><\/li><li class=\"elementor-sitemap-item elementor-sitemap-item-page page_item page-item-11084\"><a href=\"https:\/\/m2camper.com\/de\/verdunkelungsisolatoren-fur-nissan\/\">Verdunkelungsisolatoren f\u00fcr Nissan<\/a><\/li><li class=\"elementor-sitemap-item elementor-sitemap-item-page page_item page-item-11079\"><a href=\"https:\/\/m2camper.com\/de\/verdunkelungsisolatoren-fur-toyota\/\">Verdunkelungsisolatoren f\u00fcr Toyota<\/a><\/li><li class=\"elementor-sitemap-item elementor-sitemap-item-page page_item page-item-11074\"><a href=\"https:\/\/m2camper.com\/de\/verdunkelungsisolatoren-fur-opel\/\">Verdunkelungsisolatoren f\u00fcr Opel<\/a><\/li><li class=\"elementor-sitemap-item elementor-sitemap-item-page page_item page-item-11069\"><a href=\"https:\/\/m2camper.com\/de\/verdunkelungsisolatoren-fur-fiat\/\">Verdunkelungsisolatoren f\u00fcr Fiat<\/a><\/li><li class=\"elementor-sitemap-item elementor-sitemap-item-page page_item page-item-11064\"><a href=\"https:\/\/m2camper.com\/de\/verdunkelungsisolatoren-fur-mercedes\/\">Verdunkelungsisolatoren f\u00fcr Mercedes<\/a><\/li><li class=\"elementor-sitemap-item elementor-sitemap-item-page page_item page-item-11059\"><a href=\"https:\/\/m2camper.com\/de\/verdunkelungsisolatoren-fur-volkswagen\/\">Verdunkelungsisolatoren f\u00fcr Volkswagen<\/a><\/li><li class=\"elementor-sitemap-item elementor-sitemap-item-page page_item page-item-10975\"><a href=\"https:\/\/m2camper.com\/de\/verdunkelungsisolatoren-fur-citroen\/\">Verdunkelungsisolatoren f\u00fcr Citro\u00ebn<\/a><\/li><li class=\"elementor-sitemap-item elementor-sitemap-item-page page_item page-item-10865\"><a href=\"https:\/\/m2camper.com\/de\/isolatoren\/\">Thermische Verdunkelungsisolatoren<\/a><\/li><li class=\"elementor-sitemap-item elementor-sitemap-item-page page_item page-item-10820\"><a href=\"https:\/\/m2camper.com\/de\/blog\/\">Der Blog<\/a><\/li><li class=\"elementor-sitemap-item elementor-sitemap-item-page page_item page-item-10798\"><a href=\"https:\/\/m2camper.com\/de\/uber-uns\/\">\u00dcber uns<\/a><\/li><li class=\"elementor-sitemap-item elementor-sitemap-item-page page_item page-item-10779\"><a href=\"https:\/\/m2camper.com\/de\/kontakt\/\">Kontakt<\/a><\/li><li class=\"elementor-sitemap-item elementor-sitemap-item-page page_item page-item-10656\"><a href=\"https:\/\/m2camper.com\/de\/\">Start<\/a><\/li><li class=\"elementor-sitemap-item elementor-sitemap-item-page page_item page-item-10\"><a href=\"https:\/\/m2camper.com\/de\/mein-konto\/\">Mein Konto<\/a><\/li><li class=\"elementor-sitemap-item elementor-sitemap-item-page page_item page-item-9\"><a href=\"https:\/\/m2camper.com\/de\/kauf-abschliesen\/\">Rechnungsdaten<\/a><\/li><li class=\"elementor-sitemap-item elementor-sitemap-item-page page_item page-item-8\"><a href=\"https:\/\/m2camper.com\/de\/warenkorb\/\">Warenkorb<\/a><\/li><li class=\"elementor-sitemap-item elementor-sitemap-item-page page_item page-item-7\"><a href=\"https:\/\/m2camper.com\/de\/speichern\/\">Speichern<\/a><\/li><\/ul><\/div><\/div>\t\t\t\t<\/div>\n\t\t\t\t<\/div>\n\t\t\t\t\t<\/div>\n\t\t\t\t<\/div>\n\t\t\t\t<\/div>","protected":false},"excerpt":{"rendered":"<p>Sitemap<\/p>","protected":false},"author":5740,"featured_media":0,"parent":0,"menu_order":0,"comment_status":"closed","ping_status":"closed","template":"page-templates\/template-pagebuilder-full-width.php","meta":{"neve_meta_sidebar":"","neve_meta_container":"","neve_meta_enable_content_width":"off","neve_meta_content_width":100,"neve_meta_title_alignment":"","neve_meta_author_avatar":"","neve_post_elements_order":"","neve_meta_disable_header":"","neve_meta_disable_footer":"","neve_meta_disable_title":"","footnotes":""},"class_list":["post-11434","page","type-page","status-publish","hentry"],"yoast_head":"<!-- This site is optimized with the Yoast SEO plugin v27.4 - https:\/\/yoast.com\/product\/yoast-seo-wordpress\/ -->\n<title>Mapa del sitio - M2 Camper | Aislantes t\u00e9rmicos y oscurecedores para campers<\/title>\n<meta name=\"robots\" content=\"noindex, nofollow\" \/>\n<meta property=\"og:locale\" content=\"de_DE\" \/>\n<meta property=\"og:type\" content=\"article\" \/>\n<meta property=\"og:title\" content=\"Mapa del sitio - M2 Camper | Aislantes t\u00e9rmicos y oscurecedores para campers\" \/>\n<meta property=\"og:description\" content=\"Mapa del sitio\" \/>\n<meta property=\"og:url\" content=\"https:\/\/m2camper.com\/de\/sitemap\/\" \/>\n<meta property=\"og:site_name\" content=\"M2 Camper | Aislantes t\u00e9rmicos y oscurecedores para campers\" \/>\n<meta property=\"article:modified_time\" content=\"2026-04-08T15:37:38+00:00\" \/>\n<meta name=\"twitter:card\" content=\"summary_large_image\" \/>\n<meta name=\"twitter:label1\" content=\"Gesch\u00e4tzte Lesezeit\" \/>\n\t<meta name=\"twitter:data1\" content=\"1\u00a0Minute\" \/>\n<script type=\"application\/ld+json\" class=\"yoast-schema-graph\">{\"@context\":\"https:\\\/\\\/schema.org\",\"@graph\":[{\"@type\":\"WebPage\",\"@id\":\"https:\\\/\\\/m2camper.com\\\/mapa-del-sitio\\\/\",\"url\":\"https:\\\/\\\/m2camper.com\\\/mapa-del-sitio\\\/\",\"name\":\"Mapa del sitio - M2 Camper | Aislantes t\u00e9rmicos y oscurecedores para campers\",\"isPartOf\":{\"@id\":\"https:\\\/\\\/m2camper.com\\\/pt\\\/#website\"},\"datePublished\":\"2025-02-04T10:55:04+00:00\",\"dateModified\":\"2026-04-08T15:37:38+00:00\",\"breadcrumb\":{\"@id\":\"https:\\\/\\\/m2camper.com\\\/mapa-del-sitio\\\/#breadcrumb\"},\"inLanguage\":\"de\",\"potentialAction\":[{\"@type\":\"ReadAction\",\"target\":[\"https:\\\/\\\/m2camper.com\\\/mapa-del-sitio\\\/\"]}]},{\"@type\":\"BreadcrumbList\",\"@id\":\"https:\\\/\\\/m2camper.com\\\/mapa-del-sitio\\\/#breadcrumb\",\"itemListElement\":[{\"@type\":\"ListItem\",\"position\":1,\"name\":\"Portada\",\"item\":\"https:\\\/\\\/m2camper.com\\\/pt\\\/\"},{\"@type\":\"ListItem\",\"position\":2,\"name\":\"Mapa del sitio\"}]},{\"@type\":\"WebSite\",\"@id\":\"https:\\\/\\\/m2camper.com\\\/pt\\\/#website\",\"url\":\"https:\\\/\\\/m2camper.com\\\/pt\\\/\",\"name\":\"M2 Campers | Aislantes t\u00e9rmicos y oscurecedores para campers\",\"description\":\"Descubre calidad y confort de nuestros aislantes t\u00e9rmicos oscurecedores y colchones para veh\u00edculos. Optimiza tu experiencia en carretera con M2 Camper.\",\"potentialAction\":[{\"@type\":\"SearchAction\",\"target\":{\"@type\":\"EntryPoint\",\"urlTemplate\":\"https:\\\/\\\/m2camper.com\\\/pt\\\/?s={search_term_string}\"},\"query-input\":{\"@type\":\"PropertyValueSpecification\",\"valueRequired\":true,\"valueName\":\"search_term_string\"}}],\"inLanguage\":\"de\"}]}<\/script>\n<!-- \/ Yoast SEO plugin. -->","yoast_head_json":{"title":"Sitemap - M2 Camper | W\u00e4rmed\u00e4mmung und Verdunkelung f\u00fcr Camper","robots":{"index":"noindex","follow":"nofollow"},"og_locale":"de_DE","og_type":"article","og_title":"Mapa del sitio - M2 Camper | Aislantes t\u00e9rmicos y oscurecedores para campers","og_description":"Mapa del sitio","og_url":"https:\/\/m2camper.com\/de\/sitemap\/","og_site_name":"M2 Camper | Aislantes t\u00e9rmicos y oscurecedores para campers","article_modified_time":"2026-04-08T15:37:38+00:00","twitter_card":"summary_large_image","twitter_misc":{"Gesch\u00e4tzte Lesezeit":"1\u00a0Minute"},"schema":{"@context":"https:\/\/schema.org","@graph":[{"@type":"WebPage","@id":"https:\/\/m2camper.com\/mapa-del-sitio\/","url":"https:\/\/m2camper.com\/mapa-del-sitio\/","name":"Sitemap - M2 Camper | W\u00e4rmed\u00e4mmung und Verdunkelung f\u00fcr Camper","isPartOf":{"@id":"https:\/\/m2camper.com\/pt\/#website"},"datePublished":"2025-02-04T10:55:04+00:00","dateModified":"2026-04-08T15:37:38+00:00","breadcrumb":{"@id":"https:\/\/m2camper.com\/mapa-del-sitio\/#breadcrumb"},"inLanguage":"de","potentialAction":[{"@type":"ReadAction","target":["https:\/\/m2camper.com\/mapa-del-sitio\/"]}]},{"@type":"BreadcrumbList","@id":"https:\/\/m2camper.com\/mapa-del-sitio\/#breadcrumb","itemListElement":[{"@type":"ListItem","position":1,"name":"Portada","item":"https:\/\/m2camper.com\/pt\/"},{"@type":"ListItem","position":2,"name":"Mapa del sitio"}]},{"@type":"WebSite","@id":"https:\/\/m2camper.com\/pt\/#website","url":"https:\/\/m2camper.com\/pt\/","name":"M2 Wohnmobile | W\u00e4rmed\u00e4mmung und Verdunkelung f\u00fcr Camper","description":"Entdecken Sie die Qualit\u00e4t und den Komfort unserer w\u00e4rmeisolierenden Verdunkelungen und Matratzen f\u00fcr Fahrzeuge. Optimieren Sie Ihren Aufenthalt auf der Stra\u00dfe mit M2 Camper.","potentialAction":[{"@type":"SearchAction","target":{"@type":"EntryPoint","urlTemplate":"https:\/\/m2camper.com\/pt\/?s={search_term_string}"},"query-input":{"@type":"PropertyValueSpecification","valueRequired":true,"valueName":"search_term_string"}}],"inLanguage":"de"}]}},"_links":{"self":[{"href":"https:\/\/m2camper.com\/de\/wp-json\/wp\/v2\/pages\/11434","targetHints":{"allow":["GET"]}}],"collection":[{"href":"https:\/\/m2camper.com\/de\/wp-json\/wp\/v2\/pages"}],"about":[{"href":"https:\/\/m2camper.com\/de\/wp-json\/wp\/v2\/types\/page"}],"author":[{"embeddable":true,"href":"https:\/\/m2camper.com\/de\/wp-json\/wp\/v2\/users\/5740"}],"replies":[{"embeddable":true,"href":"https:\/\/m2camper.com\/de\/wp-json\/wp\/v2\/comments?post=11434"}],"version-history":[{"count":16,"href":"https:\/\/m2camper.com\/de\/wp-json\/wp\/v2\/pages\/11434\/revisions"}],"predecessor-version":[{"id":11478,"href":"https:\/\/m2camper.com\/de\/wp-json\/wp\/v2\/pages\/11434\/revisions\/11478"}],"wp:attachment":[{"href":"https:\/\/m2camper.com\/de\/wp-json\/wp\/v2\/media?parent=11434"}],"curies":[{"name":"wp","href":"https:\/\/api.w.org\/{rel}","templated":true}]}}