{"id":11416,"date":"2025-02-04T10:38:08","date_gmt":"2025-02-04T10:38:08","guid":{"rendered":"https:\/\/ultbit.com\/m2camper\/?page_id=11416"},"modified":"2026-04-08T17:39:24","modified_gmt":"2026-04-08T15:39:24","slug":"legal-notice","status":"publish","type":"page","link":"https:\/\/m2camper.com\/en\/legal-notice\/","title":{"rendered":"Legal notice"},"content":{"rendered":"<div data-elementor-type=\"wp-page\" data-elementor-id=\"11416\" class=\"elementor elementor-11416\" data-elementor-post-type=\"page\">\n\t\t\t\t<div class=\"elementor-element elementor-element-fd1d765 e-flex e-con-boxed e-con e-parent\" data-id=\"fd1d765\" data-element_type=\"container\" data-e-type=\"container\" data-settings=\"{&quot;background_background&quot;:&quot;classic&quot;}\">\n\t\t\t\t\t<div class=\"e-con-inner\">\n\t\t\t\t<div class=\"elementor-element elementor-element-f759220 elementor-widget elementor-widget-text-editor\" data-id=\"f759220\" data-element_type=\"widget\" data-e-type=\"widget\" data-widget_type=\"text-editor.default\">\n\t\t\t\t<div class=\"elementor-widget-container\">\n\t\t\t\t\t\t\t\t\t<h2 style=\"color: #000000 !important;\">LEGAL NOTICE<\/h2><h3 style=\"color: #000000 !important;\">LAW ON INFORMATION SOCIETY SERVICES (LSSI)<\/h3><p>MARIA ISABEL ARTAL MORENO (M2 CAMPER), responsible for the website, hereinafter the CONTROLLER, makes this document available to users in order to comply with the obligations set out in Law 34\/2002, of 11 July, on Information Society Services and Electronic Commerce (LSSICE), BOE No. 166, as well as to inform all users of the website about the conditions of use.<\/p><p>Any person accessing this website assumes the role of user, committing to the observance and strict compliance with the provisions set out herein, as well as with any other applicable legal provision.<\/p><p>MARIA ISABEL ARTAL MORENO (M2 CAMPER) reserves the right to modify any type of information that may appear on the website, without any obligation to give prior notice or inform users of such modifications, it being understood that their publication on the website of MARIA ISABEL ARTAL MORENO (M2 CAMPER) shall be sufficient.<\/p><h3 style=\"color: #000000 !important;\">1. IDENTIFICATION DATA<\/h3><ul><li class=\"translation-block\"><strong>Domain name:<\/strong> m2camper.com<\/li><li><strong>Trade name:<\/strong> m2camper<\/li><li><strong>Company name:<\/strong> MARIA ISABEL ARTAL MORENO (M2 CAMPER)<\/li><li><strong>Tax ID:<\/strong> 46044762G<\/li><li class=\"translation-block\"><strong>Registered office:<\/strong> Carrer de Num\u00e0ncia, 30, 08184 Palau-solit\u00e0 i Plegamans, Barcelona (Spain)<\/li><li><strong>Phone<\/strong> 685355944<\/li><li><strong>E-mail:<\/strong> <a href=\"mailto:m2camper@gmail.com\">m2camper@gmail.com<\/a><\/li><li class=\"translation-block\"><strong>Commercial Register:<\/strong> Entry 1st, Sheet B-559411, Folio 63, Volume 47689<\/li><\/ul><p>\u00a0<\/p><h3 style=\"color: #000000 !important;\">2. INTELLECTUAL AND INDUSTRIAL PROPERTY RIGHTS<\/h3><p>The website, including but not limited to its programming, editing, compilation and other elements necessary for its operation, the designs, logos, texts and\/or graphics, are the property of the CONTROLLER or, where applicable, it holds a licence or express authorisation from the authors.<\/p><p>All contents of the website are duly protected by intellectual and industrial property regulations, as well as registered in the corresponding public registers.<\/p><p>Regardless of the purpose for which they were intended, total or partial reproduction, use, exploitation, distribution and commercialisation require in all cases the prior written authorisation of the CONTROLLER.<\/p><p>Any use not previously authorised shall be considered a serious breach of the author's intellectual or industrial property rights.<\/p><p>Designs, logos, texts and\/or graphics not belonging to the CONTROLLER that may appear on the website belong to their respective owners, who are responsible for any possible dispute that may arise from them. The CONTROLLER expressly authorises third parties to link directly to specific content on the website and, in any case, to redirect to the main website of m2camper.com.<\/p><p>The CONTROLLER acknowledges the corresponding intellectual and industrial property rights in favour of their holders, and their mere mention or appearance on the website does not imply the existence of any rights or responsibility over them, nor the endorsement, sponsorship or recommendation by the CONTROLLER.<\/p><p>To make any kind of observation regarding possible violations of intellectual or industrial property rights, as well as any of the contents of the website, you can do so via the email address: <a href=\"mailto:m2camper@gmail.com\">m2camper@gmail.com<\/a>.<\/p><h3 style=\"color: #000000 !important;\">3. DISCLAIMER OF LIABILITY<\/h3><p>The CONTROLLER shall be exempt from any type of liability arising from the information published on its website provided that it has no effective knowledge that such information has been manipulated or introduced by a third party unrelated to it or, if it does have such knowledge, has acted diligently to remove the data or make access to it impossible.<\/p><h4 style=\"color: #000000 !important;\">Use of cookies<\/h4><p>This website may use technical cookies (small information files that the server sends to the computer of the person accessing the page) in order to carry out certain functions that are considered essential for the proper functioning and display of the website.<\/p><p>The cookies used are, in all cases, of a temporary nature, with the sole purpose of making browsing more efficient, and they disappear at the end of the user\u2019s session. In no case do these cookies themselves provide personal data, nor will they be used to collect such data.<\/p><p>Through the use of cookies, it is also possible for the server hosting the website to recognise the browser used by the user, with the aim of making browsing easier, allowing, for example, previously registered users to access areas, services, promotions or competitions reserved exclusively for them without having to register on each visit.<\/p><p>They may also be used to measure audience, traffic parameters, monitor progress and number of visits, etc. In such cases, cookies are technically non-essential but beneficial for the user. This website will not install non-essential cookies without the user\u2019s prior consent.<\/p><p>The user has the option to configure their browser to be alerted to the receipt of cookies and to prevent their installation on their device. Please refer to your browser instructions for further information.<\/p><h4 style=\"color: #000000 !important;\">Links Policy<\/h4><p>From the website, it may be possible to redirect to content from third-party websites.<\/p><p>Given that the CONTROLLER cannot always control the content introduced by third parties on their respective websites, it assumes no responsibility whatsoever for such content.<\/p><p>In any case, it will proceed with the immediate removal of any content that may contravene national or international legislation, morality or public order, immediately removing the redirection to such website and informing the competent authorities of the content in question.<\/p><p>The CONTROLLER shall not be responsible for the information and content stored, including but not limited to, in forums, chats, blog generators, comments, social networks or any other medium that allows third parties to publish content independently on the CONTROLLER\u2019s website.<\/p><p>Nevertheless, and in compliance with the provisions of Articles 11 and 16 of the LSSICE, it is made available to all users, authorities and law enforcement agencies, actively collaborating in the removal or, where appropriate, blocking of all content that may affect or contravene national or international legislation, the rights of third parties, or morality and public order.<\/p><p>In the event that the user considers that there is any content on the website that may fall into this category, they are requested to notify the website administrator immediately.<\/p><h4 style=\"color: #000000 !important;\">Website operation<\/h4><p>This website has been reviewed and tested to ensure it functions correctly.<\/p><p>In principle, proper functioning can be guaranteed 365 days a year, 24 hours a day. However, the CONTROLLER does not rule out the possibility of programming errors, or the occurrence of force majeure events, natural disasters, strikes or similar circumstances that make access to the website impossible.<\/p><h4 style=\"color: #000000 !important;\">IP addresses<\/h4><p>The website servers will be able to automatically detect the IP address and domain name used by the user.<\/p><p>An IP address is a number automatically assigned to a computer when it connects to the Internet.<\/p><p>All this information is recorded in a server activity file that allows the subsequent processing of the data in order to obtain purely statistical measurements that make it possible to determine the number of page impressions, the number of visits to web servers, the order of visits, the access point, etc.<\/p><h3 style=\"color: #000000 !important;\">4. APPLICABLE LAW AND JURISDICTION<\/h3><p>For the resolution of all disputes or issues related to this website or to the activities carried out therein, Spanish law shall apply, to which the parties expressly submit themselves, and the Courts and Tribunals of the USER\u2019s domicile or the place of fulfilment of the obligation shall have jurisdiction to resolve all disputes arising from or related to its use.<\/p>\t\t\t\t\t\t\t\t<\/div>\n\t\t\t\t<\/div>\n\t\t\t\t\t<\/div>\n\t\t\t\t<\/div>\n\t\t\t\t<\/div>","protected":false},"excerpt":{"rendered":"<p>AVISO LEGAL LEY DE LOS SERVICIOS DE LA SOCIEDAD DE LA INFORMACI\u00d3N (LSSI) MARIA ISABEL ARTAL MORENO (M2 CAMPER), responsable del sitio web, en adelante el RESPONSABLE, pone a disposici\u00f3n de los usuarios el presente documento, con el que pretende dar cumplimiento a las obligaciones establecidas en la Ley 34\/2002, de 11 de julio, de&hellip;&nbsp;<a href=\"https:\/\/m2camper.com\/en\/legal-notice\/\" rel=\"bookmark\">Read More \u00bb<span class=\"screen-reader-text\">Legal notice<\/span><\/a><\/p>","protected":false},"author":5740,"featured_media":0,"parent":0,"menu_order":0,"comment_status":"closed","ping_status":"closed","template":"page-templates\/template-pagebuilder-full-width.php","meta":{"neve_meta_sidebar":"","neve_meta_container":"","neve_meta_enable_content_width":"off","neve_meta_content_width":100,"neve_meta_title_alignment":"","neve_meta_author_avatar":"","neve_post_elements_order":"","neve_meta_disable_header":"","neve_meta_disable_footer":"","neve_meta_disable_title":"","footnotes":""},"class_list":["post-11416","page","type-page","status-publish","hentry"],"yoast_head":"<!-- This site is optimized with the Yoast SEO plugin v27.4 - https:\/\/yoast.com\/product\/yoast-seo-wordpress\/ -->\n<title>Aviso legal - M2 Camper | Aislantes t\u00e9rmicos y oscurecedores para campers<\/title>\n<meta name=\"robots\" content=\"noindex, nofollow\" \/>\n<meta property=\"og:locale\" content=\"en_GB\" \/>\n<meta property=\"og:type\" content=\"article\" \/>\n<meta property=\"og:title\" content=\"Aviso legal - M2 Camper | Aislantes t\u00e9rmicos y oscurecedores para campers\" \/>\n<meta property=\"og:description\" content=\"AVISO LEGAL LEY DE LOS SERVICIOS DE LA SOCIEDAD DE LA INFORMACI\u00d3N (LSSI) MARIA ISABEL ARTAL MORENO (M2 CAMPER), responsable del sitio web, en adelante el RESPONSABLE, pone a disposici\u00f3n de los usuarios el presente documento, con el que pretende dar cumplimiento a las obligaciones establecidas en la Ley 34\/2002, de 11 de julio, de&hellip;&nbsp;Read More &raquo;Aviso legal\" \/>\n<meta property=\"og:url\" content=\"https:\/\/m2camper.com\/en\/legal-notice\/\" \/>\n<meta property=\"og:site_name\" content=\"M2 Camper | Aislantes t\u00e9rmicos y oscurecedores para campers\" \/>\n<meta property=\"article:modified_time\" content=\"2026-04-08T15:39:24+00:00\" \/>\n<meta name=\"twitter:card\" content=\"summary_large_image\" \/>\n<meta name=\"twitter:label1\" content=\"Estimated reading time\" \/>\n\t<meta name=\"twitter:data1\" content=\"6 minutes\" \/>\n<script type=\"application\/ld+json\" class=\"yoast-schema-graph\">{\"@context\":\"https:\\\/\\\/schema.org\",\"@graph\":[{\"@type\":\"WebPage\",\"@id\":\"https:\\\/\\\/m2camper.com\\\/aviso-legal\\\/\",\"url\":\"https:\\\/\\\/m2camper.com\\\/aviso-legal\\\/\",\"name\":\"Aviso legal - M2 Camper | Aislantes t\u00e9rmicos y oscurecedores para campers\",\"isPartOf\":{\"@id\":\"https:\\\/\\\/m2camper.com\\\/pt\\\/#website\"},\"datePublished\":\"2025-02-04T10:38:08+00:00\",\"dateModified\":\"2026-04-08T15:39:24+00:00\",\"breadcrumb\":{\"@id\":\"https:\\\/\\\/m2camper.com\\\/aviso-legal\\\/#breadcrumb\"},\"inLanguage\":\"en-GB\",\"potentialAction\":[{\"@type\":\"ReadAction\",\"target\":[\"https:\\\/\\\/m2camper.com\\\/aviso-legal\\\/\"]}]},{\"@type\":\"BreadcrumbList\",\"@id\":\"https:\\\/\\\/m2camper.com\\\/aviso-legal\\\/#breadcrumb\",\"itemListElement\":[{\"@type\":\"ListItem\",\"position\":1,\"name\":\"Portada\",\"item\":\"https:\\\/\\\/m2camper.com\\\/pt\\\/\"},{\"@type\":\"ListItem\",\"position\":2,\"name\":\"Aviso legal\"}]},{\"@type\":\"WebSite\",\"@id\":\"https:\\\/\\\/m2camper.com\\\/pt\\\/#website\",\"url\":\"https:\\\/\\\/m2camper.com\\\/pt\\\/\",\"name\":\"M2 Campers | Aislantes t\u00e9rmicos y oscurecedores para campers\",\"description\":\"Descubre calidad y confort de nuestros aislantes t\u00e9rmicos oscurecedores y colchones para veh\u00edculos. Optimiza tu experiencia en carretera con M2 Camper.\",\"potentialAction\":[{\"@type\":\"SearchAction\",\"target\":{\"@type\":\"EntryPoint\",\"urlTemplate\":\"https:\\\/\\\/m2camper.com\\\/pt\\\/?s={search_term_string}\"},\"query-input\":{\"@type\":\"PropertyValueSpecification\",\"valueRequired\":true,\"valueName\":\"search_term_string\"}}],\"inLanguage\":\"en-GB\"}]}<\/script>\n<!-- \/ Yoast SEO plugin. -->","yoast_head_json":{"title":"Legal Notice - M2 Camper | Thermal insulation and blackouts for campers","robots":{"index":"noindex","follow":"nofollow"},"og_locale":"en_GB","og_type":"article","og_title":"Aviso legal - M2 Camper | Aislantes t\u00e9rmicos y oscurecedores para campers","og_description":"AVISO LEGAL LEY DE LOS SERVICIOS DE LA SOCIEDAD DE LA INFORMACI\u00d3N (LSSI) MARIA ISABEL ARTAL MORENO (M2 CAMPER), responsable del sitio web, en adelante el RESPONSABLE, pone a disposici\u00f3n de los usuarios el presente documento, con el que pretende dar cumplimiento a las obligaciones establecidas en la Ley 34\/2002, de 11 de julio, de&hellip;&nbsp;Read More &raquo;Aviso legal","og_url":"https:\/\/m2camper.com\/en\/legal-notice\/","og_site_name":"M2 Camper | Aislantes t\u00e9rmicos y oscurecedores para campers","article_modified_time":"2026-04-08T15:39:24+00:00","twitter_card":"summary_large_image","twitter_misc":{"Estimated reading time":"6 minutes"},"schema":{"@context":"https:\/\/schema.org","@graph":[{"@type":"WebPage","@id":"https:\/\/m2camper.com\/aviso-legal\/","url":"https:\/\/m2camper.com\/aviso-legal\/","name":"Legal Notice - M2 Camper | Thermal insulation and blackouts for campers","isPartOf":{"@id":"https:\/\/m2camper.com\/pt\/#website"},"datePublished":"2025-02-04T10:38:08+00:00","dateModified":"2026-04-08T15:39:24+00:00","breadcrumb":{"@id":"https:\/\/m2camper.com\/aviso-legal\/#breadcrumb"},"inLanguage":"en-GB","potentialAction":[{"@type":"ReadAction","target":["https:\/\/m2camper.com\/aviso-legal\/"]}]},{"@type":"BreadcrumbList","@id":"https:\/\/m2camper.com\/aviso-legal\/#breadcrumb","itemListElement":[{"@type":"ListItem","position":1,"name":"Portada","item":"https:\/\/m2camper.com\/pt\/"},{"@type":"ListItem","position":2,"name":"Aviso legal"}]},{"@type":"WebSite","@id":"https:\/\/m2camper.com\/pt\/#website","url":"https:\/\/m2camper.com\/pt\/","name":"M2 Campers | Thermal insulation and blackouts for campers","description":"Discover the quality and comfort of our thermal insulators and mattresses for vehicles. Optimize your experience on the road with M2 Camper.","potentialAction":[{"@type":"SearchAction","target":{"@type":"EntryPoint","urlTemplate":"https:\/\/m2camper.com\/pt\/?s={search_term_string}"},"query-input":{"@type":"PropertyValueSpecification","valueRequired":true,"valueName":"search_term_string"}}],"inLanguage":"en-GB"}]}},"_links":{"self":[{"href":"https:\/\/m2camper.com\/en\/wp-json\/wp\/v2\/pages\/11416","targetHints":{"allow":["GET"]}}],"collection":[{"href":"https:\/\/m2camper.com\/en\/wp-json\/wp\/v2\/pages"}],"about":[{"href":"https:\/\/m2camper.com\/en\/wp-json\/wp\/v2\/types\/page"}],"author":[{"embeddable":true,"href":"https:\/\/m2camper.com\/en\/wp-json\/wp\/v2\/users\/5740"}],"replies":[{"embeddable":true,"href":"https:\/\/m2camper.com\/en\/wp-json\/wp\/v2\/comments?post=11416"}],"version-history":[{"count":34,"href":"https:\/\/m2camper.com\/en\/wp-json\/wp\/v2\/pages\/11416\/revisions"}],"predecessor-version":[{"id":16908,"href":"https:\/\/m2camper.com\/en\/wp-json\/wp\/v2\/pages\/11416\/revisions\/16908"}],"wp:attachment":[{"href":"https:\/\/m2camper.com\/en\/wp-json\/wp\/v2\/media?parent=11416"}],"curies":[{"name":"wp","href":"https:\/\/api.w.org\/{rel}","templated":true}]}}