{"id":11724,"date":"2025-02-13T07:59:03","date_gmt":"2025-02-13T07:59:03","guid":{"rendered":"https:\/\/ultbit.com\/m2camper\/?page_id=11724"},"modified":"2026-04-08T17:36:11","modified_gmt":"2026-04-08T15:36:11","slug":"shipping-and-returns","status":"publish","type":"page","link":"https:\/\/m2camper.com\/en\/shipping-and-returns\/","title":{"rendered":"Shipping and returns"},"content":{"rendered":"<div data-elementor-type=\"wp-page\" data-elementor-id=\"11724\" class=\"elementor elementor-11724\" data-elementor-post-type=\"page\">\n\t\t\t\t<div class=\"elementor-element elementor-element-227d581 e-flex e-con-boxed e-con e-parent\" data-id=\"227d581\" data-element_type=\"container\" data-e-type=\"container\" data-settings=\"{&quot;background_background&quot;:&quot;classic&quot;}\">\n\t\t\t\t\t<div class=\"e-con-inner\">\n\t\t\t\t<div class=\"elementor-element elementor-element-3aa0bdc elementor-widget elementor-widget-text-editor\" data-id=\"3aa0bdc\" data-element_type=\"widget\" data-e-type=\"widget\" data-widget_type=\"text-editor.default\">\n\t\t\t\t<div class=\"elementor-widget-container\">\n\t\t\t\t\t\t\t\t\t<div id=\"bgLayers_comp-lmyw9jea2\" class=\"MW5IWV\" data-hook=\"bgLayers\" data-motion-part=\"BG_LAYER comp-lmyw9jea2\"><h2 id=\"bgMedia_comp-lmyw9jea2\" class=\"VgO9Yg\" data-motion-part=\"BG_MEDIA comp-lmyw9jea2\"><span style=\"color: #000000;\">SHIPPING POLICY<\/span><\/h2><\/div><div class=\"\" data-mesh-id=\"comp-lmyw9jea2inlineContent\" data-testid=\"inline-content\"><div data-mesh-id=\"comp-lmyw9jea2inlineContent-gridContainer\" data-testid=\"mesh-container-content\"><div id=\"comp-j8biz85r1\" class=\"HcOXKn SxM0TO QxJLC3 lq2cno YQcXTT comp-j8biz85r1 wixui-rich-text\" data-testid=\"richTextElement\"><p class=\"font_8 wixui-rich-text__text\">It will be delivered to the address provided at the customer&#039;s expense from our workshop<\/p><p class=\"font_8 wixui-rich-text__text\">The merchandise will be sent to the customer with prior notice, facilitating shipment tracking.<\/p><p class=\"font_8 wixui-rich-text__text\">If the customer is not available with our delivery attempts<\/p><p class=\"font_8 wixui-rich-text__text\">The right to cancel and claim any expenses incurred for this reason is reserved.<\/p><p class=\"font_8 wixui-rich-text__text\">Do not accept any delivery if the merchandise has suffered any damage,<\/p><p class=\"font_8 wixui-rich-text__text\">at the risk of becoming the client&#039;s responsibility<\/p><p class=\"font_8 wixui-rich-text__text\">The costs of transport outside the peninsula will be calculated in a personalized way by our transport or one suggested by the client, being the costs at your expense.<\/p><h2 class=\"font_2 wixui-rich-text__text\"><span class=\"wixui-rich-text__text\" style=\"color: #000000;\">RETURN POLICY<\/span><\/h2><p class=\"font_8 wixui-rich-text__text\">If for any reason you are not satisfied with your purchase you can \u00a0<\/p><p class=\"font_8 wixui-rich-text__text\">request an exchange or refund\u00a0<\/p><p class=\"font_8 wixui-rich-text__text\">The return period is 15 days from the delivery date.<\/p><p class=\"font_8 wixui-rich-text__text\">as long as they are in perfect condition and have not been tampered with<\/p><p class=\"font_8 wixui-rich-text__text\">Return shipping costs will be borne by the buyer.\u00a0<\/p><p class=\"font_8 wixui-rich-text__text\">except for defective products or wrong shipments\u00a0<\/p><p class=\"font_8 wixui-rich-text__text\">Once the merchandise has been reviewed in the workshop, it will be returned.<\/p><\/div><\/div><\/div>\t\t\t\t\t\t\t\t<\/div>\n\t\t\t\t<\/div>\n\t\t\t\t\t<\/div>\n\t\t\t\t<\/div>\n\t\t\t\t<\/div>","protected":false},"excerpt":{"rendered":"<p>POLITICA DE ENVIOS Se entregar\u00e1 en la direcci\u00f3n proporcionada a cargo del cliente desde nuestro taller La mercanc\u00eda ser\u00e1 enviada al cliente previo aviso facilitando seguimiento de env\u00edos Si el cliente no est\u00e1 disponible con nuestros intentos de entrega queda reservado el derecho de cancelaci\u00f3n y reclamo de los posibles gastos ocasionados por dicho motivo&hellip;&nbsp;<a href=\"https:\/\/m2camper.com\/en\/shipping-and-returns\/\" rel=\"bookmark\">Read More \u00bb<span class=\"screen-reader-text\">Shipping and returns<\/span><\/a><\/p>","protected":false},"author":5740,"featured_media":0,"parent":0,"menu_order":0,"comment_status":"closed","ping_status":"closed","template":"page-templates\/template-pagebuilder-full-width.php","meta":{"neve_meta_sidebar":"","neve_meta_container":"","neve_meta_enable_content_width":"off","neve_meta_content_width":100,"neve_meta_title_alignment":"","neve_meta_author_avatar":"","neve_post_elements_order":"","neve_meta_disable_header":"","neve_meta_disable_footer":"","neve_meta_disable_title":"","footnotes":""},"class_list":["post-11724","page","type-page","status-publish","hentry"],"yoast_head":"<!-- This site is optimized with the Yoast SEO plugin v27.4 - https:\/\/yoast.com\/product\/yoast-seo-wordpress\/ -->\n<title>Env\u00edos y devoluciones - M2 Camper | Aislantes t\u00e9rmicos y oscurecedores para campers<\/title>\n<meta name=\"robots\" content=\"noindex, nofollow\" \/>\n<meta property=\"og:locale\" content=\"en_GB\" \/>\n<meta property=\"og:type\" content=\"article\" \/>\n<meta property=\"og:title\" content=\"Env\u00edos y devoluciones - M2 Camper | Aislantes t\u00e9rmicos y oscurecedores para campers\" \/>\n<meta property=\"og:description\" content=\"POLITICA DE ENVIOS Se entregar\u00e1 en la direcci\u00f3n proporcionada a cargo del cliente desde nuestro taller La mercanc\u00eda ser\u00e1 enviada al cliente previo aviso facilitando seguimiento de env\u00edos Si el cliente no est\u00e1 disponible con nuestros intentos de entrega queda reservado el derecho de cancelaci\u00f3n y reclamo de los posibles gastos ocasionados por dicho motivo&hellip;&nbsp;Read More &raquo;Env\u00edos y devoluciones\" \/>\n<meta property=\"og:url\" content=\"https:\/\/m2camper.com\/en\/shipping-and-returns\/\" \/>\n<meta property=\"og:site_name\" content=\"M2 Camper | Aislantes t\u00e9rmicos y oscurecedores para campers\" \/>\n<meta property=\"article:modified_time\" content=\"2026-04-08T15:36:11+00:00\" \/>\n<meta name=\"twitter:card\" content=\"summary_large_image\" \/>\n<meta name=\"twitter:label1\" content=\"Estimated reading time\" \/>\n\t<meta name=\"twitter:data1\" content=\"1 minute\" \/>\n<script type=\"application\/ld+json\" class=\"yoast-schema-graph\">{\"@context\":\"https:\\\/\\\/schema.org\",\"@graph\":[{\"@type\":\"WebPage\",\"@id\":\"https:\\\/\\\/m2camper.com\\\/envios-y-devoluciones\\\/\",\"url\":\"https:\\\/\\\/m2camper.com\\\/envios-y-devoluciones\\\/\",\"name\":\"Env\u00edos y devoluciones - M2 Camper | Aislantes t\u00e9rmicos y oscurecedores para campers\",\"isPartOf\":{\"@id\":\"https:\\\/\\\/m2camper.com\\\/pt\\\/#website\"},\"datePublished\":\"2025-02-13T07:59:03+00:00\",\"dateModified\":\"2026-04-08T15:36:11+00:00\",\"breadcrumb\":{\"@id\":\"https:\\\/\\\/m2camper.com\\\/envios-y-devoluciones\\\/#breadcrumb\"},\"inLanguage\":\"en-GB\",\"potentialAction\":[{\"@type\":\"ReadAction\",\"target\":[\"https:\\\/\\\/m2camper.com\\\/envios-y-devoluciones\\\/\"]}]},{\"@type\":\"BreadcrumbList\",\"@id\":\"https:\\\/\\\/m2camper.com\\\/envios-y-devoluciones\\\/#breadcrumb\",\"itemListElement\":[{\"@type\":\"ListItem\",\"position\":1,\"name\":\"Portada\",\"item\":\"https:\\\/\\\/m2camper.com\\\/pt\\\/\"},{\"@type\":\"ListItem\",\"position\":2,\"name\":\"Env\u00edos y devoluciones\"}]},{\"@type\":\"WebSite\",\"@id\":\"https:\\\/\\\/m2camper.com\\\/pt\\\/#website\",\"url\":\"https:\\\/\\\/m2camper.com\\\/pt\\\/\",\"name\":\"M2 Campers | Aislantes t\u00e9rmicos y oscurecedores para campers\",\"description\":\"Descubre calidad y confort de nuestros aislantes t\u00e9rmicos oscurecedores y colchones para veh\u00edculos. Optimiza tu experiencia en carretera con M2 Camper.\",\"potentialAction\":[{\"@type\":\"SearchAction\",\"target\":{\"@type\":\"EntryPoint\",\"urlTemplate\":\"https:\\\/\\\/m2camper.com\\\/pt\\\/?s={search_term_string}\"},\"query-input\":{\"@type\":\"PropertyValueSpecification\",\"valueRequired\":true,\"valueName\":\"search_term_string\"}}],\"inLanguage\":\"en-GB\"}]}<\/script>\n<!-- \/ Yoast SEO plugin. -->","yoast_head_json":{"title":"Shipping and Returns - M2 Camper | Thermal Insulation and Blackout for Campers","robots":{"index":"noindex","follow":"nofollow"},"og_locale":"en_GB","og_type":"article","og_title":"Env\u00edos y devoluciones - M2 Camper | Aislantes t\u00e9rmicos y oscurecedores para campers","og_description":"POLITICA DE ENVIOS Se entregar\u00e1 en la direcci\u00f3n proporcionada a cargo del cliente desde nuestro taller La mercanc\u00eda ser\u00e1 enviada al cliente previo aviso facilitando seguimiento de env\u00edos Si el cliente no est\u00e1 disponible con nuestros intentos de entrega queda reservado el derecho de cancelaci\u00f3n y reclamo de los posibles gastos ocasionados por dicho motivo&hellip;&nbsp;Read More &raquo;Env\u00edos y devoluciones","og_url":"https:\/\/m2camper.com\/en\/shipping-and-returns\/","og_site_name":"M2 Camper | Aislantes t\u00e9rmicos y oscurecedores para campers","article_modified_time":"2026-04-08T15:36:11+00:00","twitter_card":"summary_large_image","twitter_misc":{"Estimated reading time":"1 minute"},"schema":{"@context":"https:\/\/schema.org","@graph":[{"@type":"WebPage","@id":"https:\/\/m2camper.com\/envios-y-devoluciones\/","url":"https:\/\/m2camper.com\/envios-y-devoluciones\/","name":"Shipping and Returns - M2 Camper | Thermal Insulation and Blackout for Campers","isPartOf":{"@id":"https:\/\/m2camper.com\/pt\/#website"},"datePublished":"2025-02-13T07:59:03+00:00","dateModified":"2026-04-08T15:36:11+00:00","breadcrumb":{"@id":"https:\/\/m2camper.com\/envios-y-devoluciones\/#breadcrumb"},"inLanguage":"en-GB","potentialAction":[{"@type":"ReadAction","target":["https:\/\/m2camper.com\/envios-y-devoluciones\/"]}]},{"@type":"BreadcrumbList","@id":"https:\/\/m2camper.com\/envios-y-devoluciones\/#breadcrumb","itemListElement":[{"@type":"ListItem","position":1,"name":"Portada","item":"https:\/\/m2camper.com\/pt\/"},{"@type":"ListItem","position":2,"name":"Env\u00edos y devoluciones"}]},{"@type":"WebSite","@id":"https:\/\/m2camper.com\/pt\/#website","url":"https:\/\/m2camper.com\/pt\/","name":"M2 Campers | Thermal insulation and blackouts for campers","description":"Discover the quality and comfort of our thermal insulators and mattresses for vehicles. Optimize your experience on the road with M2 Camper.","potentialAction":[{"@type":"SearchAction","target":{"@type":"EntryPoint","urlTemplate":"https:\/\/m2camper.com\/pt\/?s={search_term_string}"},"query-input":{"@type":"PropertyValueSpecification","valueRequired":true,"valueName":"search_term_string"}}],"inLanguage":"en-GB"}]}},"_links":{"self":[{"href":"https:\/\/m2camper.com\/en\/wp-json\/wp\/v2\/pages\/11724","targetHints":{"allow":["GET"]}}],"collection":[{"href":"https:\/\/m2camper.com\/en\/wp-json\/wp\/v2\/pages"}],"about":[{"href":"https:\/\/m2camper.com\/en\/wp-json\/wp\/v2\/types\/page"}],"author":[{"embeddable":true,"href":"https:\/\/m2camper.com\/en\/wp-json\/wp\/v2\/users\/5740"}],"replies":[{"embeddable":true,"href":"https:\/\/m2camper.com\/en\/wp-json\/wp\/v2\/comments?post=11724"}],"version-history":[{"count":7,"href":"https:\/\/m2camper.com\/en\/wp-json\/wp\/v2\/pages\/11724\/revisions"}],"predecessor-version":[{"id":12820,"href":"https:\/\/m2camper.com\/en\/wp-json\/wp\/v2\/pages\/11724\/revisions\/12820"}],"wp:attachment":[{"href":"https:\/\/m2camper.com\/en\/wp-json\/wp\/v2\/media?parent=11724"}],"curies":[{"name":"wp","href":"https:\/\/api.w.org\/{rel}","templated":true}]}}