{"id":4130,"date":"2024-12-09T14:08:10","date_gmt":"2024-12-09T14:08:10","guid":{"rendered":"https:\/\/m2campera.proyectosdesarrollosweb.com\/?product=aislantes-termicos-oscurecedores-citroen-spacetourer-compacta-2016-2021"},"modified":"2025-04-25T09:32:08","modified_gmt":"2025-04-25T09:32:08","slug":"thermal-insulation-and-blackouts-for-the-citroen-spacetourer-compact-2016-2021","status":"publish","type":"product","link":"https:\/\/m2camper.com\/en\/thermal-insulation-and-blackouts-for-the-citroen-spacetourer-compact-2016-2021\/","title":{"rendered":"Citro\u00ebn SpaceTourer Compact 2016-2021 Thermal Insulation Blinds"},"content":{"rendered":"<p>Experience unparalleled comfort in your Citro\u00ebn SpaceTourer Compact (2016-2021) with our 9-layer blackout thermal insulators, meticulously designed to offer maximum performance and protection.<\/p>\n<p>&nbsp;<\/p>\n<p><strong>Highlighted Features:<\/strong><\/p>\n<ul>\n<li><span><strong>Superior Thermal Efficiency:<\/strong> With 9 layers of thermal insulation, our blackout thermal insulators act as an effective barrier against heat, keeping your vehicle cool even on the hottest days and warm on the coldest days.<\/span><\/li>\n<li><span><strong>Total Blackout:<\/strong> Enjoy the privacy you need with our window shades, which not only block direct sunlight, but also protect against prying eyes.<\/span><\/li>\n<li><span><strong>Custom Fit:<\/strong> Designed specifically for the Citro\u00ebn SpaceTourer Compact manufactured between 2016 and 2021, we guarantee a perfect fit. Our thermal blinds are secured with screw-on suction cups for quick and secure installation.<\/span><\/li>\n<li><span><strong>Durability and Quality:<\/strong> Made from high-quality materials, our blackout thermal insulators are strong and durable, ensuring optimal performance over time.<\/span><\/li>\n<\/ul>\n<p>&nbsp;<\/p>\n<p><strong>Additional Benefits:<\/strong><\/p>\n<ul>\n<li><span><strong>UV Protection:<\/strong> Block harmful UV rays to protect your car&#039;s interior and extend the life of your accessories.<\/span><\/li>\n<li><span><strong>Reducing Energy Consumption:<\/strong> By maintaining a more optimal interior temperature, your blackout thermal insulators help the air conditioning or heating system work more efficiently, which translates into lower fuel consumption.<\/span><\/li>\n<li><span><strong>Style and Functionality:<\/strong> In addition to their practical benefits, our blackout thermal insulators add a touch of style to your Citro\u00ebn SpaceTourer Compact, improving the vehicle&#039;s overall aesthetics.<\/span><\/li>\n<\/ul>\n<p>&nbsp;<\/p>\n<p><span><span><span>Opt for comfort, efficiency, and style with our 9-layer blackout thermal insulators designed exclusively for the Citro\u00ebn SpaceTourer Compact (2016-2021). Experience the perfect ride in all seasons.<\/span><\/span><\/span><\/p>","protected":false},"excerpt":{"rendered":"<p><span><span><strong><span><span><span>OPTIONS:<\/span><\/span><\/span><\/strong><\/span><\/span><\/p>\n<p><span><span><strong><span><span><span>CABIN:<\/span><\/span><\/span><\/strong><span><span><span> Front, driver and passenger side windows (3 pieces) (5 pieces if it has triangles)<\/span><\/span><\/span><\/span><\/span><\/p>\n<p><span><span><strong><span><span><span>BOX: <\/span><\/span><\/span><\/strong><span><span><span>2 sides of the 2nd row of seats, 2 sides of the 3rd row of seats and tailgate or double rear door depending on the model (5 or 6 pieces as applicable)<\/span><\/span><\/span><\/span><\/span><\/p>\n<p><span><span><strong><span><span><span>COMPLETE: <\/span><\/span><\/span><\/strong><span><span><span>(front window, driver and passenger side, 2 sides of the 2nd row of seats, 2 sides of the 3rd row of seats, and tailgate or double rear door depending on the model (8 or 9 pieces as appropriate) if triangles are used there would be 10 or 11 <\/span><\/span><\/span><\/span><\/span><\/p>\n<p>&nbsp;<\/p>\n<p><span><span><strong><span><span><span>9 LAYER THERMAL INSULATORS<\/span><\/span><\/span><\/strong><\/span><\/span><\/p>\n<p><span><span><span><span><span>High-quality 9-layer thermal insulation and blackout blinds designed to insulate both high and low temperatures for greater internal comfort and providing total darkness for restful nights. Held in place with high-suction screw-on suction cups that are easy to remove for easy installation.<\/span><\/span><\/span><\/span><\/span><\/p>\n<p><span><span><span><span><span>Composition<\/span><\/span><\/span><\/span><\/span><\/p>\n<ol>\n<li><span><span><span><span><span>90 micron aluminum, anti-ultraviolet and scratch-resistant.<\/span><\/span><\/span><\/span><\/span><\/li>\n<li><span><span><span><span><span>2mm expanded polyethylene.<\/span><\/span><\/span><\/span><\/span><\/li>\n<li><span><span><span><span><span>38 micron aluminum film, for insulation.<\/span><\/span><\/span><\/span><\/span><\/li>\n<li><span><span><span><span><span>2mm expanded polyethylene.<\/span><\/span><\/span><\/span><\/span><\/li>\n<li><span><span><span><span><span>38 micron aluminum film.<\/span><\/span><\/span><\/span><\/span><\/li>\n<li><span><span><span><span><span>2mm expanded polyethylene.<\/span><\/span><\/span><\/span><\/span><\/li>\n<li><span><span><span><span><span>38 micron aluminum film.<\/span><\/span><\/span><\/span><\/span><\/li>\n<li><span><span><span><span><span>75 gr\/m anti-allergic wadding for insulation.<\/span><\/span><\/span><\/span><\/span><\/li>\n<li><span><span><span><span><span>Anti-condensation PVC.<\/span><\/span><\/span><\/span><\/span><\/li>\n<\/ol>","protected":false},"featured_media":4131,"comment_status":"open","ping_status":"closed","template":"","meta":{"neve_meta_sidebar":"","neve_meta_container":"","neve_meta_enable_content_width":"","neve_meta_content_width":0,"neve_meta_title_alignment":"","neve_meta_author_avatar":"","neve_post_elements_order":"","neve_meta_disable_header":"","neve_meta_disable_footer":"","neve_meta_disable_title":""},"product_brand":[],"product_cat":[69,62,61],"product_tag":[],"class_list":{"0":"post-4130","1":"product","2":"type-product","3":"status-publish","4":"has-post-thumbnail","6":"product_cat-citroen","7":"product_cat-aislantes","8":"product_cat-all-products","9":"pa_detalles-del-producto-pspanspanstrongspanspanspanopcionesspanspanspanstrongspanspanppspanspanstrongspanspanspancabinaspanspanspanstrongspanspanspan-luna-delantera-lateral-piloto-y-copiloto-3-piezas-5-piezas-en-caso-de-que","10":"pa_observaciones-plos-plazos-de-entrega-pueden-variar-segun-fechas-de-comprap","11":"pa_opciones-cabina","12":"pa_opciones-caja-doble-puerta-trasera","13":"pa_opciones-caja-porton-trasero-luneta-abatible","14":"pa_opciones-caja-porton-trasero-luneta-fija","15":"pa_opciones-completa-doble-puerta-trasera","16":"pa_opciones-completa-porton-trasero-luneta-abatible","17":"pa_opciones-completa-porton-trasero-luneta-fija","19":"first","20":"instock","21":"taxable","22":"shipping-taxable","23":"purchasable","24":"product-type-variable"},"yoast_head":"<!-- This site is optimized with the Yoast SEO plugin v27.4 - https:\/\/yoast.com\/product\/yoast-seo-wordpress\/ -->\n<title>Aislantes t\u00e9rmicos oscurecedores Citro\u00ebn SpaceTourer Compacta 2016-2021 | M2Camper<\/title>\n<meta name=\"description\" content=\"Aumenta el confort en tu Citro\u00ebn SpaceTourer Compacta 2016-2021 con nuestros aislantes t\u00e9rmicos oscurecedores de 9 capas y disfruta de un viaje m\u00e1s placentero.\" \/>\n<meta name=\"robots\" content=\"index, follow, max-snippet:-1, max-image-preview:large, max-video-preview:-1\" \/>\n<link rel=\"canonical\" href=\"https:\/\/m2camper.com\/en\/thermal-insulation-and-blackouts-for-the-citroen-spacetourer-compact-2016-2021\/\" \/>\n<meta property=\"og:locale\" content=\"en_GB\" \/>\n<meta property=\"og:type\" content=\"article\" \/>\n<meta property=\"og:title\" content=\"Aislantes t\u00e9rmicos oscurecedores Citro\u00ebn SpaceTourer Compacta 2016-2021 | M2Camper\" \/>\n<meta property=\"og:description\" content=\"Aumenta el confort en tu Citro\u00ebn SpaceTourer Compacta 2016-2021 con nuestros aislantes t\u00e9rmicos oscurecedores de 9 capas y disfruta de un viaje m\u00e1s placentero.\" \/>\n<meta property=\"og:url\" content=\"https:\/\/m2camper.com\/en\/thermal-insulation-and-blackouts-for-the-citroen-spacetourer-compact-2016-2021\/\" \/>\n<meta property=\"og:site_name\" content=\"M2 Camper | Aislantes t\u00e9rmicos y oscurecedores para campers\" \/>\n<meta property=\"article:modified_time\" content=\"2025-04-25T09:32:08+00:00\" \/>\n<meta property=\"og:image\" content=\"https:\/\/m2camper.com\/wp-content\/uploads\/2025\/01\/60c9aa_8647893221304ad2b614572ae297dfb6mv2.png\" \/>\n\t<meta property=\"og:image:width\" content=\"444\" \/>\n\t<meta property=\"og:image:height\" content=\"286\" \/>\n\t<meta property=\"og:image:type\" content=\"image\/png\" \/>\n<meta name=\"twitter:card\" content=\"summary_large_image\" \/>\n<meta name=\"twitter:label1\" content=\"Estimated reading time\" \/>\n\t<meta name=\"twitter:data1\" content=\"2 minutes\" \/>\n<script type=\"application\/ld+json\" class=\"yoast-schema-graph\">{\"@context\":\"https:\\\/\\\/schema.org\",\"@graph\":[{\"@type\":\"WebPage\",\"@id\":\"https:\\\/\\\/m2camper.com\\\/aislantes-termicos-oscurecedores-citroen-spacetourer-compacta-2016-2021\\\/\",\"url\":\"https:\\\/\\\/m2camper.com\\\/aislantes-termicos-oscurecedores-citroen-spacetourer-compacta-2016-2021\\\/\",\"name\":\"Aislantes t\u00e9rmicos oscurecedores Citro\u00ebn SpaceTourer Compacta 2016-2021 | M2Camper\",\"isPartOf\":{\"@id\":\"https:\\\/\\\/m2camper.com\\\/pt\\\/#website\"},\"primaryImageOfPage\":{\"@id\":\"https:\\\/\\\/m2camper.com\\\/aislantes-termicos-oscurecedores-citroen-spacetourer-compacta-2016-2021\\\/#primaryimage\"},\"image\":{\"@id\":\"https:\\\/\\\/m2camper.com\\\/aislantes-termicos-oscurecedores-citroen-spacetourer-compacta-2016-2021\\\/#primaryimage\"},\"thumbnailUrl\":\"https:\\\/\\\/m2camper.com\\\/wp-content\\\/uploads\\\/2025\\\/01\\\/60c9aa_8647893221304ad2b614572ae297dfb6mv2.png\",\"datePublished\":\"2024-12-09T14:08:10+00:00\",\"dateModified\":\"2025-04-25T09:32:08+00:00\",\"description\":\"Aumenta el confort en tu Citro\u00ebn SpaceTourer Compacta 2016-2021 con nuestros aislantes t\u00e9rmicos oscurecedores de 9 capas y disfruta de un viaje m\u00e1s placentero.\",\"breadcrumb\":{\"@id\":\"https:\\\/\\\/m2camper.com\\\/aislantes-termicos-oscurecedores-citroen-spacetourer-compacta-2016-2021\\\/#breadcrumb\"},\"inLanguage\":\"en-GB\",\"potentialAction\":[{\"@type\":\"ReadAction\",\"target\":[\"https:\\\/\\\/m2camper.com\\\/aislantes-termicos-oscurecedores-citroen-spacetourer-compacta-2016-2021\\\/\"]}]},{\"@type\":\"ImageObject\",\"inLanguage\":\"en-GB\",\"@id\":\"https:\\\/\\\/m2camper.com\\\/aislantes-termicos-oscurecedores-citroen-spacetourer-compacta-2016-2021\\\/#primaryimage\",\"url\":\"https:\\\/\\\/m2camper.com\\\/wp-content\\\/uploads\\\/2025\\\/01\\\/60c9aa_8647893221304ad2b614572ae297dfb6mv2.png\",\"contentUrl\":\"https:\\\/\\\/m2camper.com\\\/wp-content\\\/uploads\\\/2025\\\/01\\\/60c9aa_8647893221304ad2b614572ae297dfb6mv2.png\",\"width\":444,\"height\":286},{\"@type\":\"BreadcrumbList\",\"@id\":\"https:\\\/\\\/m2camper.com\\\/aislantes-termicos-oscurecedores-citroen-spacetourer-compacta-2016-2021\\\/#breadcrumb\",\"itemListElement\":[{\"@type\":\"ListItem\",\"position\":1,\"name\":\"Portada\",\"item\":\"https:\\\/\\\/m2camper.com\\\/pt\\\/\"},{\"@type\":\"ListItem\",\"position\":2,\"name\":\"Tienda\",\"item\":\"https:\\\/\\\/m2camper.com\\\/pt\\\/loja\\\/\"},{\"@type\":\"ListItem\",\"position\":3,\"name\":\"Aislantes t\u00e9rmicos oscurecedores Citro\u00ebn SpaceTourer Compacta 2016-2021\"}]},{\"@type\":\"WebSite\",\"@id\":\"https:\\\/\\\/m2camper.com\\\/pt\\\/#website\",\"url\":\"https:\\\/\\\/m2camper.com\\\/pt\\\/\",\"name\":\"M2 Campers | Aislantes t\u00e9rmicos y oscurecedores para campers\",\"description\":\"Descubre calidad y confort de nuestros aislantes t\u00e9rmicos oscurecedores y colchones para veh\u00edculos. Optimiza tu experiencia en carretera con M2 Camper.\",\"potentialAction\":[{\"@type\":\"SearchAction\",\"target\":{\"@type\":\"EntryPoint\",\"urlTemplate\":\"https:\\\/\\\/m2camper.com\\\/pt\\\/?s={search_term_string}\"},\"query-input\":{\"@type\":\"PropertyValueSpecification\",\"valueRequired\":true,\"valueName\":\"search_term_string\"}}],\"inLanguage\":\"en-GB\"}]}<\/script>\n<!-- \/ Yoast SEO plugin. -->","yoast_head_json":{"title":"Aislantes t\u00e9rmicos oscurecedores Citro\u00ebn SpaceTourer Compacta 2016-2021 | M2Camper","description":"Increase the comfort of your 2016-2021 Citro\u00ebn SpaceTourer Compact with our 9-layer blackout thermal insulators and enjoy a more pleasant ride.","robots":{"index":"index","follow":"follow","max-snippet":"max-snippet:-1","max-image-preview":"max-image-preview:large","max-video-preview":"max-video-preview:-1"},"canonical":"https:\/\/m2camper.com\/en\/thermal-insulation-and-blackouts-for-the-citroen-spacetourer-compact-2016-2021\/","og_locale":"en_GB","og_type":"article","og_title":"Aislantes t\u00e9rmicos oscurecedores Citro\u00ebn SpaceTourer Compacta 2016-2021 | M2Camper","og_description":"Aumenta el confort en tu Citro\u00ebn SpaceTourer Compacta 2016-2021 con nuestros aislantes t\u00e9rmicos oscurecedores de 9 capas y disfruta de un viaje m\u00e1s placentero.","og_url":"https:\/\/m2camper.com\/en\/thermal-insulation-and-blackouts-for-the-citroen-spacetourer-compact-2016-2021\/","og_site_name":"M2 Camper | Aislantes t\u00e9rmicos y oscurecedores para campers","article_modified_time":"2025-04-25T09:32:08+00:00","og_image":[{"width":444,"height":286,"url":"https:\/\/m2camper.com\/wp-content\/uploads\/2025\/01\/60c9aa_8647893221304ad2b614572ae297dfb6mv2.png","type":"image\/png"}],"twitter_card":"summary_large_image","twitter_misc":{"Estimated reading time":"2 minutes"},"schema":{"@context":"https:\/\/schema.org","@graph":[{"@type":"WebPage","@id":"https:\/\/m2camper.com\/aislantes-termicos-oscurecedores-citroen-spacetourer-compacta-2016-2021\/","url":"https:\/\/m2camper.com\/aislantes-termicos-oscurecedores-citroen-spacetourer-compacta-2016-2021\/","name":"Aislantes t\u00e9rmicos oscurecedores Citro\u00ebn SpaceTourer Compacta 2016-2021 | M2Camper","isPartOf":{"@id":"https:\/\/m2camper.com\/pt\/#website"},"primaryImageOfPage":{"@id":"https:\/\/m2camper.com\/aislantes-termicos-oscurecedores-citroen-spacetourer-compacta-2016-2021\/#primaryimage"},"image":{"@id":"https:\/\/m2camper.com\/aislantes-termicos-oscurecedores-citroen-spacetourer-compacta-2016-2021\/#primaryimage"},"thumbnailUrl":"https:\/\/m2camper.com\/wp-content\/uploads\/2025\/01\/60c9aa_8647893221304ad2b614572ae297dfb6mv2.png","datePublished":"2024-12-09T14:08:10+00:00","dateModified":"2025-04-25T09:32:08+00:00","description":"Increase the comfort of your 2016-2021 Citro\u00ebn SpaceTourer Compact with our 9-layer blackout thermal insulators and enjoy a more pleasant ride.","breadcrumb":{"@id":"https:\/\/m2camper.com\/aislantes-termicos-oscurecedores-citroen-spacetourer-compacta-2016-2021\/#breadcrumb"},"inLanguage":"en-GB","potentialAction":[{"@type":"ReadAction","target":["https:\/\/m2camper.com\/aislantes-termicos-oscurecedores-citroen-spacetourer-compacta-2016-2021\/"]}]},{"@type":"ImageObject","inLanguage":"en-GB","@id":"https:\/\/m2camper.com\/aislantes-termicos-oscurecedores-citroen-spacetourer-compacta-2016-2021\/#primaryimage","url":"https:\/\/m2camper.com\/wp-content\/uploads\/2025\/01\/60c9aa_8647893221304ad2b614572ae297dfb6mv2.png","contentUrl":"https:\/\/m2camper.com\/wp-content\/uploads\/2025\/01\/60c9aa_8647893221304ad2b614572ae297dfb6mv2.png","width":444,"height":286},{"@type":"BreadcrumbList","@id":"https:\/\/m2camper.com\/aislantes-termicos-oscurecedores-citroen-spacetourer-compacta-2016-2021\/#breadcrumb","itemListElement":[{"@type":"ListItem","position":1,"name":"Portada","item":"https:\/\/m2camper.com\/pt\/"},{"@type":"ListItem","position":2,"name":"Tienda","item":"https:\/\/m2camper.com\/pt\/loja\/"},{"@type":"ListItem","position":3,"name":"Aislantes t\u00e9rmicos oscurecedores Citro\u00ebn SpaceTourer Compacta 2016-2021"}]},{"@type":"WebSite","@id":"https:\/\/m2camper.com\/pt\/#website","url":"https:\/\/m2camper.com\/pt\/","name":"M2 Campers | Thermal insulation and blackouts for campers","description":"Discover the quality and comfort of our thermal insulators and mattresses for vehicles. Optimize your experience on the road with M2 Camper.","potentialAction":[{"@type":"SearchAction","target":{"@type":"EntryPoint","urlTemplate":"https:\/\/m2camper.com\/pt\/?s={search_term_string}"},"query-input":{"@type":"PropertyValueSpecification","valueRequired":true,"valueName":"search_term_string"}}],"inLanguage":"en-GB"}]}},"_links":{"self":[{"href":"https:\/\/m2camper.com\/en\/wp-json\/wp\/v2\/product\/4130","targetHints":{"allow":["GET"]}}],"collection":[{"href":"https:\/\/m2camper.com\/en\/wp-json\/wp\/v2\/product"}],"about":[{"href":"https:\/\/m2camper.com\/en\/wp-json\/wp\/v2\/types\/product"}],"replies":[{"embeddable":true,"href":"https:\/\/m2camper.com\/en\/wp-json\/wp\/v2\/comments?post=4130"}],"wp:featuredmedia":[{"embeddable":true,"href":"https:\/\/m2camper.com\/en\/wp-json\/wp\/v2\/media\/4131"}],"wp:attachment":[{"href":"https:\/\/m2camper.com\/en\/wp-json\/wp\/v2\/media?parent=4130"}],"wp:term":[{"taxonomy":"product_brand","embeddable":true,"href":"https:\/\/m2camper.com\/en\/wp-json\/wp\/v2\/product_brand?post=4130"},{"taxonomy":"product_cat","embeddable":true,"href":"https:\/\/m2camper.com\/en\/wp-json\/wp\/v2\/product_cat?post=4130"},{"taxonomy":"product_tag","embeddable":true,"href":"https:\/\/m2camper.com\/en\/wp-json\/wp\/v2\/product_tag?post=4130"}],"curies":[{"name":"wp","href":"https:\/\/api.w.org\/{rel}","templated":true}]}}