{"id":11434,"date":"2025-02-04T10:55:04","date_gmt":"2025-02-04T10:55:04","guid":{"rendered":"https:\/\/ultbit.com\/m2camper\/?page_id=11434"},"modified":"2026-04-08T17:37:38","modified_gmt":"2026-04-08T15:37:38","slug":"plan-du-site","status":"publish","type":"page","link":"https:\/\/m2camper.com\/fr\/plan-du-site\/","title":{"rendered":"Plan du Site"},"content":{"rendered":"<div data-elementor-type=\"wp-page\" data-elementor-id=\"11434\" class=\"elementor elementor-11434\" data-elementor-post-type=\"page\">\n\t\t\t\t<div class=\"elementor-element elementor-element-227d581 e-flex e-con-boxed e-con e-parent\" data-id=\"227d581\" data-element_type=\"container\" data-e-type=\"container\">\n\t\t\t\t\t<div class=\"e-con-inner\">\n\t\t\t\t<div class=\"elementor-element elementor-element-a1f8f46 elementor-widget elementor-widget-heading\" data-id=\"a1f8f46\" data-element_type=\"widget\" data-e-type=\"widget\" data-widget_type=\"heading.default\">\n\t\t\t\t<div class=\"elementor-widget-container\">\n\t\t\t\t\t<h2 class=\"elementor-heading-title elementor-size-default\">Plan du Site<\/h2>\t\t\t\t<\/div>\n\t\t\t\t<\/div>\n\t\t\t\t<div class=\"elementor-element elementor-element-97445db elementor-widget elementor-widget-sitemap\" data-id=\"97445db\" data-element_type=\"widget\" data-e-type=\"widget\" data-widget_type=\"sitemap.default\">\n\t\t\t\t<div class=\"elementor-widget-container\">\n\t\t\t\t\t<div class=\"elementor-sitemap-wrap\"><div class=\"elementor-sitemap-section\"><h2 class=\"elementor-sitemap-title elementor-sitemap-page-title\">Pages<\/h2><ul class=\"elementor-sitemap-list elementor-sitemap-page-list\"><li class=\"elementor-sitemap-item elementor-sitemap-item-page page_item page-item-17076\"><a href=\"https:\/\/m2camper.com\/fr\/isolants-camper-barcelone\/\">Isolants, occultants et matelas camper sur mesure \u00e0 Barcelone<\/a><\/li><li class=\"elementor-sitemap-item elementor-sitemap-item-page page_item page-item-16245\"><a href=\"https:\/\/m2camper.com\/fr\/gerer-mon-profil\/\">G\u00e9rer mon profil<\/a><\/li><li class=\"elementor-sitemap-item elementor-sitemap-item-page page_item page-item-12376\"><a href=\"https:\/\/m2camper.com\/fr\/poches\/\">Poches<\/a><\/li><li class=\"elementor-sitemap-item elementor-sitemap-item-page page_item page-item-12369\"><a href=\"https:\/\/m2camper.com\/fr\/pieces-detachees-des-isolateurs-thermiques\/\">Pi\u00e8ces d\u00e9tach\u00e9es des isolateurs thermiques<\/a><\/li><li class=\"elementor-sitemap-item elementor-sitemap-item-page page_item page-item-12342\"><a href=\"https:\/\/m2camper.com\/fr\/ecrous-a-ventouse\/\">Ventouses + \u00c9crous<\/a><\/li><li class=\"elementor-sitemap-item elementor-sitemap-item-page page_item page-item-11729\"><a href=\"https:\/\/m2camper.com\/fr\/methodes-de-paiement\/\">Les m\u00e9thodes de paiement<\/a><\/li><li class=\"elementor-sitemap-item elementor-sitemap-item-page page_item page-item-11724\"><a href=\"https:\/\/m2camper.com\/fr\/expedition-et-retours\/\">Les envois et les retours<\/a><\/li><li class=\"elementor-sitemap-item elementor-sitemap-item-page page_item page-item-11434\"><a href=\"https:\/\/m2camper.com\/fr\/plan-du-site\/\">Plan du Site<\/a><\/li><li class=\"elementor-sitemap-item elementor-sitemap-item-page page_item page-item-11428\"><a href=\"https:\/\/m2camper.com\/fr\/politique-relative-aux-cookies\/\">Politique relative aux cookies<\/a><\/li><li class=\"elementor-sitemap-item elementor-sitemap-item-page page_item page-item-11422\"><a href=\"https:\/\/m2camper.com\/fr\/politique-de-confidentialite\/\">Politique de confidentialit\u00e9<\/a><\/li><li class=\"elementor-sitemap-item elementor-sitemap-item-page page_item page-item-11416\"><a href=\"https:\/\/m2camper.com\/fr\/mentions-legales\/\">Avis juridique<\/a><\/li><li class=\"elementor-sitemap-item elementor-sitemap-item-page page_item page-item-11241\"><a href=\"https:\/\/m2camper.com\/fr\/matelas-sur-mesure\/\">Matelas<\/a><\/li><li class=\"elementor-sitemap-item elementor-sitemap-item-page page_item page-item-11227\"><a href=\"https:\/\/m2camper.com\/fr\/isolateurs-occultants-pour-maxus\/\">Isolateurs occultants pour Maxus<\/a><\/li><li class=\"elementor-sitemap-item elementor-sitemap-item-page page_item page-item-11219\"><a href=\"https:\/\/m2camper.com\/fr\/isolateurs-de-panne-delectricite-pour-volvo\/\">Isolateurs occultants pour Volvo<\/a><\/li><li class=\"elementor-sitemap-item elementor-sitemap-item-page page_item page-item-11214\"><a href=\"https:\/\/m2camper.com\/fr\/isolateurs-occultants-pour-scania\/\">Isolateurs occultants pour Scania<\/a><\/li><li class=\"elementor-sitemap-item elementor-sitemap-item-page page_item page-item-11209\"><a href=\"https:\/\/m2camper.com\/fr\/isolateurs-occultants-pour-chevrolet\/\">Isolateurs occultants pour Chevrolet<\/a><\/li><li class=\"elementor-sitemap-item elementor-sitemap-item-page page_item page-item-11204\"><a href=\"https:\/\/m2camper.com\/fr\/isolateurs-occultants-pour-porsche\/\">Isolateurs occultants pour Porsche<\/a><\/li><li class=\"elementor-sitemap-item elementor-sitemap-item-page page_item page-item-11199\"><a href=\"https:\/\/m2camper.com\/fr\/isolateurs-occultants-pour-jeep\/\">Isolateurs occultants pour Jeep<\/a><\/li><li class=\"elementor-sitemap-item elementor-sitemap-item-page page_item page-item-11194\"><a href=\"https:\/\/m2camper.com\/fr\/isolateurs-occultants-pour-hymer\/\">Isolateurs occultants pour Hymer<\/a><\/li><li class=\"elementor-sitemap-item elementor-sitemap-item-page page_item page-item-11189\"><a href=\"https:\/\/m2camper.com\/fr\/isolateurs-occultants-pour-bmw\/\">Isolateurs occultants pour BMW<\/a><\/li><li class=\"elementor-sitemap-item elementor-sitemap-item-page page_item page-item-11184\"><a href=\"https:\/\/m2camper.com\/fr\/isolateurs-de-panne-delectricite-pour-mitsubishi\/\">Isolateurs occultants pour Mitsubishi<\/a><\/li><li class=\"elementor-sitemap-item elementor-sitemap-item-page page_item page-item-11179\"><a href=\"https:\/\/m2camper.com\/fr\/isolateurs-occultants-pour-honda\/\">Isolateurs occultants pour Honda<\/a><\/li><li class=\"elementor-sitemap-item elementor-sitemap-item-page page_item page-item-11174\"><a href=\"https:\/\/m2camper.com\/fr\/isolateurs-de-panne-delectricite-pour-mahindra\/\">Isolateurs anti-panne pour Mahindra<\/a><\/li><li class=\"elementor-sitemap-item elementor-sitemap-item-page page_item page-item-11169\"><a href=\"https:\/\/m2camper.com\/fr\/isolateurs-occultants-pour-les-mains\/\">Isolateurs occultants pour Man<\/a><\/li><li class=\"elementor-sitemap-item elementor-sitemap-item-page page_item page-item-11164\"><a href=\"https:\/\/m2camper.com\/fr\/isolateurs-occultants-pour-audi\/\">Isolateurs occultants pour Audi<\/a><\/li><li class=\"elementor-sitemap-item elementor-sitemap-item-page page_item page-item-11159\"><a href=\"https:\/\/m2camper.com\/fr\/isolateurs-occultants-pour-subaru\/\">Isolateurs occultants pour Subaru<\/a><\/li><li class=\"elementor-sitemap-item elementor-sitemap-item-page page_item page-item-11154\"><a href=\"https:\/\/m2camper.com\/fr\/isolateurs-occultants-pour-kia\/\">Isolateurs occultants pour Kia<\/a><\/li><li class=\"elementor-sitemap-item elementor-sitemap-item-page page_item page-item-11149\"><a href=\"https:\/\/m2camper.com\/fr\/isolateurs-occultants-pour-suzuki\/\">Isolateurs occultants pour Suzuki<\/a><\/li><li class=\"elementor-sitemap-item elementor-sitemap-item-page page_item page-item-11144\"><a href=\"https:\/\/m2camper.com\/fr\/isolateurs-occultants-pour-mazda\/\">Isolateurs occultants pour Mazda<\/a><\/li><li class=\"elementor-sitemap-item elementor-sitemap-item-page page_item page-item-11139\"><a href=\"https:\/\/m2camper.com\/fr\/isolateurs-de-panne-delectricite-pour-chrysler\/\">Isolateurs occultants pour Chrysler<\/a><\/li><li class=\"elementor-sitemap-item elementor-sitemap-item-page page_item page-item-11134\"><a href=\"https:\/\/m2camper.com\/fr\/isolateurs-occultants-pour-skoda\/\">Isolateurs occultants pour Skoda<\/a><\/li><li class=\"elementor-sitemap-item elementor-sitemap-item-page page_item page-item-11129\"><a href=\"https:\/\/m2camper.com\/fr\/isolateurs-occultants-pour-seat\/\">Isolateurs occultants pour Seat<\/a><\/li><li class=\"elementor-sitemap-item elementor-sitemap-item-page page_item page-item-11124\"><a href=\"https:\/\/m2camper.com\/fr\/isolateurs-occultants-pour-hyundai\/\">Isolateurs occultants pour Hyundai<\/a><\/li><li class=\"elementor-sitemap-item elementor-sitemap-item-page page_item page-item-11119\"><a href=\"https:\/\/m2camper.com\/fr\/isolateurs-occultants-pour-dacia\/\">Isolateurs occultants pour Dacia<\/a><\/li><li class=\"elementor-sitemap-item elementor-sitemap-item-page page_item page-item-11114\"><a href=\"https:\/\/m2camper.com\/fr\/isolateurs-occultants-pour-renault\/\">Isolateurs occultants pour Renault<\/a><\/li><li class=\"elementor-sitemap-item elementor-sitemap-item-page page_item page-item-11109\"><a href=\"https:\/\/m2camper.com\/fr\/isolateurs-occultants-pour-land-rover\/\">Isolateurs occultants pour Land Rover<\/a><\/li><li class=\"elementor-sitemap-item elementor-sitemap-item-page page_item page-item-11104\"><a href=\"https:\/\/m2camper.com\/fr\/isolateurs-de-panne-delectricite-pour-ssangyong\/\">Isolateurs occultants pour Ssangyong<\/a><\/li><li class=\"elementor-sitemap-item elementor-sitemap-item-page page_item page-item-11099\"><a href=\"https:\/\/m2camper.com\/fr\/isolateurs-occultants-pour-iveco\/\">Isolateurs occultants pour Iveco<\/a><\/li><li class=\"elementor-sitemap-item elementor-sitemap-item-page page_item page-item-11094\"><a href=\"https:\/\/m2camper.com\/fr\/isolateurs-occultants-pour-ford\/\">Isolateurs occultants pour Ford<\/a><\/li><li class=\"elementor-sitemap-item elementor-sitemap-item-page page_item page-item-11089\"><a href=\"https:\/\/m2camper.com\/fr\/isolateurs-occultants-pour-peugeot\/\">Isolateurs occultants pour Peugeot<\/a><\/li><li class=\"elementor-sitemap-item elementor-sitemap-item-page page_item page-item-11084\"><a href=\"https:\/\/m2camper.com\/fr\/isolateurs-occultants-pour-nissan\/\">Isolateurs occultants pour Nissan<\/a><\/li><li class=\"elementor-sitemap-item elementor-sitemap-item-page page_item page-item-11079\"><a href=\"https:\/\/m2camper.com\/fr\/isolateurs-occultants-pour-toyota\/\">Isolateurs occultants pour Toyota<\/a><\/li><li class=\"elementor-sitemap-item elementor-sitemap-item-page page_item page-item-11074\"><a href=\"https:\/\/m2camper.com\/fr\/isolateurs-occultants-pour-opel\/\">Isolateurs occultants pour Opel<\/a><\/li><li class=\"elementor-sitemap-item elementor-sitemap-item-page page_item page-item-11069\"><a href=\"https:\/\/m2camper.com\/fr\/isolateurs-occultants-pour-fiat\/\">Isolateurs occultants pour Fiat<\/a><\/li><li class=\"elementor-sitemap-item elementor-sitemap-item-page page_item page-item-11064\"><a href=\"https:\/\/m2camper.com\/fr\/isolateurs-occultants-pour-mercedes\/\">Isolateurs occultants pour Mercedes<\/a><\/li><li class=\"elementor-sitemap-item elementor-sitemap-item-page page_item page-item-11059\"><a href=\"https:\/\/m2camper.com\/fr\/isolateurs-occultants-pour-volkswagen\/\">Isolateurs occultants pour Volkswagen<\/a><\/li><li class=\"elementor-sitemap-item elementor-sitemap-item-page page_item page-item-10975\"><a href=\"https:\/\/m2camper.com\/fr\/isolateurs-occultants-pour-citroen\/\">Isolateurs occultants pour Citro\u00ebn<\/a><\/li><li class=\"elementor-sitemap-item elementor-sitemap-item-page page_item page-item-10865\"><a href=\"https:\/\/m2camper.com\/fr\/isolateurs\/\">Isolateurs thermiques occultants<\/a><\/li><li class=\"elementor-sitemap-item elementor-sitemap-item-page page_item page-item-10820\"><a href=\"https:\/\/m2camper.com\/fr\/blog\/\">Blog<\/a><\/li><li class=\"elementor-sitemap-item elementor-sitemap-item-page page_item page-item-10798\"><a href=\"https:\/\/m2camper.com\/fr\/a-propos-de-nous\/\">\u00c0 propos de nous<\/a><\/li><li class=\"elementor-sitemap-item elementor-sitemap-item-page page_item page-item-10779\"><a href=\"https:\/\/m2camper.com\/fr\/contact\/\">Contact<\/a><\/li><li class=\"elementor-sitemap-item elementor-sitemap-item-page page_item page-item-10656\"><a href=\"https:\/\/m2camper.com\/fr\/\">La maison<\/a><\/li><li class=\"elementor-sitemap-item elementor-sitemap-item-page page_item page-item-10\"><a href=\"https:\/\/m2camper.com\/fr\/mon-compte\/\">Mon compte<\/a><\/li><li class=\"elementor-sitemap-item elementor-sitemap-item-page page_item page-item-9\"><a href=\"https:\/\/m2camper.com\/fr\/finaliser-lachat\/\">D\u00e9tails de facturation<\/a><\/li><li class=\"elementor-sitemap-item elementor-sitemap-item-page page_item page-item-8\"><a href=\"https:\/\/m2camper.com\/fr\/chariot\/\">Panier<\/a><\/li><li class=\"elementor-sitemap-item elementor-sitemap-item-page page_item page-item-7\"><a href=\"https:\/\/m2camper.com\/fr\/magasin\/\">Magasin<\/a><\/li><\/ul><\/div><\/div>\t\t\t\t<\/div>\n\t\t\t\t<\/div>\n\t\t\t\t\t<\/div>\n\t\t\t\t<\/div>\n\t\t\t\t<\/div>","protected":false},"excerpt":{"rendered":"<p>Plan du Site<\/p>","protected":false},"author":5740,"featured_media":0,"parent":0,"menu_order":0,"comment_status":"closed","ping_status":"closed","template":"page-templates\/template-pagebuilder-full-width.php","meta":{"neve_meta_sidebar":"","neve_meta_container":"","neve_meta_enable_content_width":"off","neve_meta_content_width":100,"neve_meta_title_alignment":"","neve_meta_author_avatar":"","neve_post_elements_order":"","neve_meta_disable_header":"","neve_meta_disable_footer":"","neve_meta_disable_title":"","footnotes":""},"class_list":["post-11434","page","type-page","status-publish","hentry"],"yoast_head":"<!-- This site is optimized with the Yoast SEO plugin v27.4 - https:\/\/yoast.com\/product\/yoast-seo-wordpress\/ -->\n<title>Mapa del sitio - M2 Camper | Aislantes t\u00e9rmicos y oscurecedores para campers<\/title>\n<meta name=\"robots\" content=\"noindex, nofollow\" \/>\n<meta property=\"og:locale\" content=\"fr_FR\" \/>\n<meta property=\"og:type\" content=\"article\" \/>\n<meta property=\"og:title\" content=\"Mapa del sitio - M2 Camper | Aislantes t\u00e9rmicos y oscurecedores para campers\" \/>\n<meta property=\"og:description\" content=\"Mapa del sitio\" \/>\n<meta property=\"og:url\" content=\"https:\/\/m2camper.com\/fr\/plan-du-site\/\" \/>\n<meta property=\"og:site_name\" content=\"M2 Camper | Aislantes t\u00e9rmicos y oscurecedores para campers\" \/>\n<meta property=\"article:modified_time\" content=\"2026-04-08T15:37:38+00:00\" \/>\n<meta name=\"twitter:card\" content=\"summary_large_image\" \/>\n<meta name=\"twitter:label1\" content=\"Dur\u00e9e de lecture estim\u00e9e\" \/>\n\t<meta name=\"twitter:data1\" content=\"1 minute\" \/>\n<script type=\"application\/ld+json\" class=\"yoast-schema-graph\">{\"@context\":\"https:\\\/\\\/schema.org\",\"@graph\":[{\"@type\":\"WebPage\",\"@id\":\"https:\\\/\\\/m2camper.com\\\/mapa-del-sitio\\\/\",\"url\":\"https:\\\/\\\/m2camper.com\\\/mapa-del-sitio\\\/\",\"name\":\"Mapa del sitio - M2 Camper | Aislantes t\u00e9rmicos y oscurecedores para campers\",\"isPartOf\":{\"@id\":\"https:\\\/\\\/m2camper.com\\\/pt\\\/#website\"},\"datePublished\":\"2025-02-04T10:55:04+00:00\",\"dateModified\":\"2026-04-08T15:37:38+00:00\",\"breadcrumb\":{\"@id\":\"https:\\\/\\\/m2camper.com\\\/mapa-del-sitio\\\/#breadcrumb\"},\"inLanguage\":\"fr-FR\",\"potentialAction\":[{\"@type\":\"ReadAction\",\"target\":[\"https:\\\/\\\/m2camper.com\\\/mapa-del-sitio\\\/\"]}]},{\"@type\":\"BreadcrumbList\",\"@id\":\"https:\\\/\\\/m2camper.com\\\/mapa-del-sitio\\\/#breadcrumb\",\"itemListElement\":[{\"@type\":\"ListItem\",\"position\":1,\"name\":\"Portada\",\"item\":\"https:\\\/\\\/m2camper.com\\\/pt\\\/\"},{\"@type\":\"ListItem\",\"position\":2,\"name\":\"Mapa del sitio\"}]},{\"@type\":\"WebSite\",\"@id\":\"https:\\\/\\\/m2camper.com\\\/pt\\\/#website\",\"url\":\"https:\\\/\\\/m2camper.com\\\/pt\\\/\",\"name\":\"M2 Campers | Aislantes t\u00e9rmicos y oscurecedores para campers\",\"description\":\"Descubre calidad y confort de nuestros aislantes t\u00e9rmicos oscurecedores y colchones para veh\u00edculos. Optimiza tu experiencia en carretera con M2 Camper.\",\"potentialAction\":[{\"@type\":\"SearchAction\",\"target\":{\"@type\":\"EntryPoint\",\"urlTemplate\":\"https:\\\/\\\/m2camper.com\\\/pt\\\/?s={search_term_string}\"},\"query-input\":{\"@type\":\"PropertyValueSpecification\",\"valueRequired\":true,\"valueName\":\"search_term_string\"}}],\"inLanguage\":\"fr-FR\"}]}<\/script>\n<!-- \/ Yoast SEO plugin. -->","yoast_head_json":{"title":"Plan du site - M2 Camper | Isolation thermique et occultation pour camping-cars","robots":{"index":"noindex","follow":"nofollow"},"og_locale":"fr_FR","og_type":"article","og_title":"Mapa del sitio - M2 Camper | Aislantes t\u00e9rmicos y oscurecedores para campers","og_description":"Mapa del sitio","og_url":"https:\/\/m2camper.com\/fr\/plan-du-site\/","og_site_name":"M2 Camper | Aislantes t\u00e9rmicos y oscurecedores para campers","article_modified_time":"2026-04-08T15:37:38+00:00","twitter_card":"summary_large_image","twitter_misc":{"Dur\u00e9e de lecture estim\u00e9e":"1 minute"},"schema":{"@context":"https:\/\/schema.org","@graph":[{"@type":"WebPage","@id":"https:\/\/m2camper.com\/mapa-del-sitio\/","url":"https:\/\/m2camper.com\/mapa-del-sitio\/","name":"Plan du site - M2 Camper | Isolation thermique et occultation pour camping-cars","isPartOf":{"@id":"https:\/\/m2camper.com\/pt\/#website"},"datePublished":"2025-02-04T10:55:04+00:00","dateModified":"2026-04-08T15:37:38+00:00","breadcrumb":{"@id":"https:\/\/m2camper.com\/mapa-del-sitio\/#breadcrumb"},"inLanguage":"fr-FR","potentialAction":[{"@type":"ReadAction","target":["https:\/\/m2camper.com\/mapa-del-sitio\/"]}]},{"@type":"BreadcrumbList","@id":"https:\/\/m2camper.com\/mapa-del-sitio\/#breadcrumb","itemListElement":[{"@type":"ListItem","position":1,"name":"Portada","item":"https:\/\/m2camper.com\/pt\/"},{"@type":"ListItem","position":2,"name":"Mapa del sitio"}]},{"@type":"WebSite","@id":"https:\/\/m2camper.com\/pt\/#website","url":"https:\/\/m2camper.com\/pt\/","name":"M2 Campeurs | Isolation thermique et oscurecedores pour les campeurs","description":"D\u00e9couvrez la qualit\u00e9 et le confort de notre isolation thermique oscurecedores et des matelas pour les v\u00e9hicules. Optimiser votre exp\u00e9rience de la route avec M2 camping-car.","potentialAction":[{"@type":"SearchAction","target":{"@type":"EntryPoint","urlTemplate":"https:\/\/m2camper.com\/pt\/?s={search_term_string}"},"query-input":{"@type":"PropertyValueSpecification","valueRequired":true,"valueName":"search_term_string"}}],"inLanguage":"fr-FR"}]}},"_links":{"self":[{"href":"https:\/\/m2camper.com\/fr\/wp-json\/wp\/v2\/pages\/11434","targetHints":{"allow":["GET"]}}],"collection":[{"href":"https:\/\/m2camper.com\/fr\/wp-json\/wp\/v2\/pages"}],"about":[{"href":"https:\/\/m2camper.com\/fr\/wp-json\/wp\/v2\/types\/page"}],"author":[{"embeddable":true,"href":"https:\/\/m2camper.com\/fr\/wp-json\/wp\/v2\/users\/5740"}],"replies":[{"embeddable":true,"href":"https:\/\/m2camper.com\/fr\/wp-json\/wp\/v2\/comments?post=11434"}],"version-history":[{"count":16,"href":"https:\/\/m2camper.com\/fr\/wp-json\/wp\/v2\/pages\/11434\/revisions"}],"predecessor-version":[{"id":11478,"href":"https:\/\/m2camper.com\/fr\/wp-json\/wp\/v2\/pages\/11434\/revisions\/11478"}],"wp:attachment":[{"href":"https:\/\/m2camper.com\/fr\/wp-json\/wp\/v2\/media?parent=11434"}],"curies":[{"name":"wp","href":"https:\/\/api.w.org\/{rel}","templated":true}]}}