{"id":11724,"date":"2025-02-13T07:59:03","date_gmt":"2025-02-13T07:59:03","guid":{"rendered":"https:\/\/ultbit.com\/m2camper\/?page_id=11724"},"modified":"2026-04-08T17:36:11","modified_gmt":"2026-04-08T15:36:11","slug":"envio-e-devolucoes","status":"publish","type":"page","link":"https:\/\/m2camper.com\/pt\/envio-e-devolucoes\/","title":{"rendered":"Envio e devolu\u00e7\u00f5es"},"content":{"rendered":"<div data-elementor-type=\"wp-page\" data-elementor-id=\"11724\" class=\"elementor elementor-11724\" data-elementor-post-type=\"page\">\n\t\t\t\t<div class=\"elementor-element elementor-element-227d581 e-flex e-con-boxed e-con e-parent\" data-id=\"227d581\" data-element_type=\"container\" data-e-type=\"container\" data-settings=\"{&quot;background_background&quot;:&quot;classic&quot;}\">\n\t\t\t\t\t<div class=\"e-con-inner\">\n\t\t\t\t<div class=\"elementor-element elementor-element-3aa0bdc elementor-widget elementor-widget-text-editor\" data-id=\"3aa0bdc\" data-element_type=\"widget\" data-e-type=\"widget\" data-widget_type=\"text-editor.default\">\n\t\t\t\t<div class=\"elementor-widget-container\">\n\t\t\t\t\t\t\t\t\t<div id=\"bgLayers_comp-lmyw9jea2\" class=\"MW5IWV\" data-hook=\"bgLayers\" data-motion-part=\"BG_LAYER comp-lmyw9jea2\"><h2 id=\"bgMedia_comp-lmyw9jea2\" class=\"VgO9Yg\" data-motion-part=\"BG_MEDIA comp-lmyw9jea2\"><span style=\"color: #000000;\">POL\u00cdTICA DE ENVIO<\/span><\/h2><\/div><div class=\"\" data-mesh-id=\"comp-lmyw9jea2inlineContent\" data-testid=\"inline-content\"><div data-mesh-id=\"comp-lmyw9jea2inlineContent-gridContainer\" data-testid=\"mesh-container-content\"><div id=\"comp-j8biz85r1\" class=\"HcOXKn SxM0TO QxJLC3 lq2cno YQcXTT comp-j8biz85r1 wixui-rich-text\" data-testid=\"richTextElement\"><p class=\"font_8 wixui-rich-text__text\">A entrega ser\u00e1 feita no endere\u00e7o fornecido pelo cliente, \u00e0s custas da nossa oficina.<\/p><p class=\"font_8 wixui-rich-text__text\">A mercadoria ser\u00e1 enviada ao cliente com aviso pr\u00e9vio, facilitando o rastreamento do envio.<\/p><p class=\"font_8 wixui-rich-text__text\">Se o cliente n\u00e3o estiver dispon\u00edvel para nossas tentativas de entrega<\/p><p class=\"font_8 wixui-rich-text__text\">O direito de cancelar e reivindicar quaisquer despesas incorridas por esse motivo \u00e9 reservado.<\/p><p class=\"font_8 wixui-rich-text__text\">N\u00e3o aceite nenhuma entrega se a mercadoria tiver sofrido algum dano,<\/p><p class=\"font_8 wixui-rich-text__text\">correndo o risco de se tornar responsabilidade do cliente<\/p><p class=\"font_8 wixui-rich-text__text\">Os custos de transporte para fora da pen\u00ednsula ser\u00e3o calculados de forma personalizada pelo nosso transporte ou por um sugerido pelo cliente, sendo os custos por sua conta.<\/p><h2 class=\"font_2 wixui-rich-text__text\"><span class=\"wixui-rich-text__text\" style=\"color: #000000;\">POL\u00cdTICA DE DEVOLU\u00c7\u00c3O<\/span><\/h2><p class=\"font_8 wixui-rich-text__text\">Se por algum motivo voc\u00ea n\u00e3o estiver satisfeito com sua compra, voc\u00ea pode \u00a0<\/p><p class=\"font_8 wixui-rich-text__text\">solicitar uma troca ou reembolso\u00a0<\/p><p class=\"font_8 wixui-rich-text__text\">O prazo de devolu\u00e7\u00e3o \u00e9 de 15 dias a partir da data de entrega.<\/p><p class=\"font_8 wixui-rich-text__text\">desde que estejam em perfeitas condi\u00e7\u00f5es e n\u00e3o tenham sido adulterados<\/p><p class=\"font_8 wixui-rich-text__text\">Os custos de envio de devolu\u00e7\u00e3o ser\u00e3o suportados pelo comprador.\u00a0<\/p><p class=\"font_8 wixui-rich-text__text\">exceto para produtos defeituosos ou remessas erradas\u00a0<\/p><p class=\"font_8 wixui-rich-text__text\">Ap\u00f3s a mercadoria ser revisada na oficina, ela ser\u00e1 devolvida.<\/p><\/div><\/div><\/div>\t\t\t\t\t\t\t\t<\/div>\n\t\t\t\t<\/div>\n\t\t\t\t\t<\/div>\n\t\t\t\t<\/div>\n\t\t\t\t<\/div>","protected":false},"excerpt":{"rendered":"<p>POLITICA DE ENVIOS Se entregar\u00e1 en la direcci\u00f3n proporcionada a cargo del cliente desde nuestro taller La mercanc\u00eda ser\u00e1 enviada al cliente previo aviso facilitando seguimiento de env\u00edos Si el cliente no est\u00e1 disponible con nuestros intentos de entrega queda reservado el derecho de cancelaci\u00f3n y reclamo de los posibles gastos ocasionados por dicho motivo&hellip;&nbsp;<a href=\"https:\/\/m2camper.com\/pt\/envio-e-devolucoes\/\" rel=\"bookmark\">Ler mais &raquo;<span class=\"screen-reader-text\">Envio e devolu\u00e7\u00f5es<\/span><\/a><\/p>","protected":false},"author":5740,"featured_media":0,"parent":0,"menu_order":0,"comment_status":"closed","ping_status":"closed","template":"page-templates\/template-pagebuilder-full-width.php","meta":{"neve_meta_sidebar":"","neve_meta_container":"","neve_meta_enable_content_width":"off","neve_meta_content_width":100,"neve_meta_title_alignment":"","neve_meta_author_avatar":"","neve_post_elements_order":"","neve_meta_disable_header":"","neve_meta_disable_footer":"","neve_meta_disable_title":"","footnotes":""},"class_list":["post-11724","page","type-page","status-publish","hentry"],"yoast_head":"<!-- This site is optimized with the Yoast SEO plugin v27.4 - https:\/\/yoast.com\/product\/yoast-seo-wordpress\/ -->\n<title>Env\u00edos y devoluciones - M2 Camper | Aislantes t\u00e9rmicos y oscurecedores para campers<\/title>\n<meta name=\"robots\" content=\"noindex, nofollow\" \/>\n<meta property=\"og:locale\" content=\"pt_PT\" \/>\n<meta property=\"og:type\" content=\"article\" \/>\n<meta property=\"og:title\" content=\"Env\u00edos y devoluciones - M2 Camper | Aislantes t\u00e9rmicos y oscurecedores para campers\" \/>\n<meta property=\"og:description\" content=\"POLITICA DE ENVIOS Se entregar\u00e1 en la direcci\u00f3n proporcionada a cargo del cliente desde nuestro taller La mercanc\u00eda ser\u00e1 enviada al cliente previo aviso facilitando seguimiento de env\u00edos Si el cliente no est\u00e1 disponible con nuestros intentos de entrega queda reservado el derecho de cancelaci\u00f3n y reclamo de los posibles gastos ocasionados por dicho motivo&hellip;&nbsp;Ler mais &raquo;Env\u00edos y devoluciones\" \/>\n<meta property=\"og:url\" content=\"https:\/\/m2camper.com\/pt\/envio-e-devolucoes\/\" \/>\n<meta property=\"og:site_name\" content=\"M2 Camper | Aislantes t\u00e9rmicos y oscurecedores para campers\" \/>\n<meta property=\"article:modified_time\" content=\"2026-04-08T15:36:11+00:00\" \/>\n<meta name=\"twitter:card\" content=\"summary_large_image\" \/>\n<meta name=\"twitter:label1\" content=\"Tempo estimado de leitura\" \/>\n\t<meta name=\"twitter:data1\" content=\"1 minuto\" \/>\n<script type=\"application\/ld+json\" class=\"yoast-schema-graph\">{\"@context\":\"https:\\\/\\\/schema.org\",\"@graph\":[{\"@type\":\"WebPage\",\"@id\":\"https:\\\/\\\/m2camper.com\\\/envios-y-devoluciones\\\/\",\"url\":\"https:\\\/\\\/m2camper.com\\\/envios-y-devoluciones\\\/\",\"name\":\"Env\u00edos y devoluciones - M2 Camper | Aislantes t\u00e9rmicos y oscurecedores para campers\",\"isPartOf\":{\"@id\":\"https:\\\/\\\/m2camper.com\\\/pt\\\/#website\"},\"datePublished\":\"2025-02-13T07:59:03+00:00\",\"dateModified\":\"2026-04-08T15:36:11+00:00\",\"breadcrumb\":{\"@id\":\"https:\\\/\\\/m2camper.com\\\/envios-y-devoluciones\\\/#breadcrumb\"},\"inLanguage\":\"pt-PT\",\"potentialAction\":[{\"@type\":\"ReadAction\",\"target\":[\"https:\\\/\\\/m2camper.com\\\/envios-y-devoluciones\\\/\"]}]},{\"@type\":\"BreadcrumbList\",\"@id\":\"https:\\\/\\\/m2camper.com\\\/envios-y-devoluciones\\\/#breadcrumb\",\"itemListElement\":[{\"@type\":\"ListItem\",\"position\":1,\"name\":\"Portada\",\"item\":\"https:\\\/\\\/m2camper.com\\\/pt\\\/\"},{\"@type\":\"ListItem\",\"position\":2,\"name\":\"Env\u00edos y devoluciones\"}]},{\"@type\":\"WebSite\",\"@id\":\"https:\\\/\\\/m2camper.com\\\/pt\\\/#website\",\"url\":\"https:\\\/\\\/m2camper.com\\\/pt\\\/\",\"name\":\"M2 Campers | Aislantes t\u00e9rmicos y oscurecedores para campers\",\"description\":\"Descubre calidad y confort de nuestros aislantes t\u00e9rmicos oscurecedores y colchones para veh\u00edculos. Optimiza tu experiencia en carretera con M2 Camper.\",\"potentialAction\":[{\"@type\":\"SearchAction\",\"target\":{\"@type\":\"EntryPoint\",\"urlTemplate\":\"https:\\\/\\\/m2camper.com\\\/pt\\\/?s={search_term_string}\"},\"query-input\":{\"@type\":\"PropertyValueSpecification\",\"valueRequired\":true,\"valueName\":\"search_term_string\"}}],\"inLanguage\":\"pt-PT\"}]}<\/script>\n<!-- \/ Yoast SEO plugin. -->","yoast_head_json":{"title":"Envio e Devolu\u00e7\u00f5es - M2 Camper | Isolamento T\u00e9rmico e Blackout para Campistas","robots":{"index":"noindex","follow":"nofollow"},"og_locale":"pt_PT","og_type":"article","og_title":"Env\u00edos y devoluciones - M2 Camper | Aislantes t\u00e9rmicos y oscurecedores para campers","og_description":"POLITICA DE ENVIOS Se entregar\u00e1 en la direcci\u00f3n proporcionada a cargo del cliente desde nuestro taller La mercanc\u00eda ser\u00e1 enviada al cliente previo aviso facilitando seguimiento de env\u00edos Si el cliente no est\u00e1 disponible con nuestros intentos de entrega queda reservado el derecho de cancelaci\u00f3n y reclamo de los posibles gastos ocasionados por dicho motivo&hellip;&nbsp;Ler mais &raquo;Env\u00edos y devoluciones","og_url":"https:\/\/m2camper.com\/pt\/envio-e-devolucoes\/","og_site_name":"M2 Camper | Aislantes t\u00e9rmicos y oscurecedores para campers","article_modified_time":"2026-04-08T15:36:11+00:00","twitter_card":"summary_large_image","twitter_misc":{"Tempo estimado de leitura":"1 minuto"},"schema":{"@context":"https:\/\/schema.org","@graph":[{"@type":"WebPage","@id":"https:\/\/m2camper.com\/envios-y-devoluciones\/","url":"https:\/\/m2camper.com\/envios-y-devoluciones\/","name":"Envio e Devolu\u00e7\u00f5es - M2 Camper | Isolamento T\u00e9rmico e Blackout para Campistas","isPartOf":{"@id":"https:\/\/m2camper.com\/pt\/#website"},"datePublished":"2025-02-13T07:59:03+00:00","dateModified":"2026-04-08T15:36:11+00:00","breadcrumb":{"@id":"https:\/\/m2camper.com\/envios-y-devoluciones\/#breadcrumb"},"inLanguage":"pt-PT","potentialAction":[{"@type":"ReadAction","target":["https:\/\/m2camper.com\/envios-y-devoluciones\/"]}]},{"@type":"BreadcrumbList","@id":"https:\/\/m2camper.com\/envios-y-devoluciones\/#breadcrumb","itemListElement":[{"@type":"ListItem","position":1,"name":"Portada","item":"https:\/\/m2camper.com\/pt\/"},{"@type":"ListItem","position":2,"name":"Env\u00edos y devoluciones"}]},{"@type":"WebSite","@id":"https:\/\/m2camper.com\/pt\/#website","url":"https:\/\/m2camper.com\/pt\/","name":"M2 Campers | Isolamento t\u00e9rmico e blackouts para campistas","description":"Descubra a qualidade e o conforto do nosso isolamento t\u00e9rmico blackout e dos nossos colch\u00f5es para ve\u00edculos. Otimize sua experi\u00eancia de viagem com a M2 Camper.","potentialAction":[{"@type":"SearchAction","target":{"@type":"EntryPoint","urlTemplate":"https:\/\/m2camper.com\/pt\/?s={search_term_string}"},"query-input":{"@type":"PropertyValueSpecification","valueRequired":true,"valueName":"search_term_string"}}],"inLanguage":"pt-PT"}]}},"_links":{"self":[{"href":"https:\/\/m2camper.com\/pt\/wp-json\/wp\/v2\/pages\/11724","targetHints":{"allow":["GET"]}}],"collection":[{"href":"https:\/\/m2camper.com\/pt\/wp-json\/wp\/v2\/pages"}],"about":[{"href":"https:\/\/m2camper.com\/pt\/wp-json\/wp\/v2\/types\/page"}],"author":[{"embeddable":true,"href":"https:\/\/m2camper.com\/pt\/wp-json\/wp\/v2\/users\/5740"}],"replies":[{"embeddable":true,"href":"https:\/\/m2camper.com\/pt\/wp-json\/wp\/v2\/comments?post=11724"}],"version-history":[{"count":7,"href":"https:\/\/m2camper.com\/pt\/wp-json\/wp\/v2\/pages\/11724\/revisions"}],"predecessor-version":[{"id":12820,"href":"https:\/\/m2camper.com\/pt\/wp-json\/wp\/v2\/pages\/11724\/revisions\/12820"}],"wp:attachment":[{"href":"https:\/\/m2camper.com\/pt\/wp-json\/wp\/v2\/media?parent=11724"}],"curies":[{"name":"wp","href":"https:\/\/api.w.org\/{rel}","templated":true}]}}