{"id":11729,"date":"2025-02-13T08:02:20","date_gmt":"2025-02-13T08:02:20","guid":{"rendered":"https:\/\/ultbit.com\/m2camper\/?page_id=11729"},"modified":"2026-04-09T16:07:42","modified_gmt":"2026-04-09T14:07:42","slug":"metodos-de-pagamento","status":"publish","type":"page","link":"https:\/\/m2camper.com\/pt\/metodos-de-pagamento\/","title":{"rendered":"M\u00e9todos de pagamento"},"content":{"rendered":"<div data-elementor-type=\"wp-page\" data-elementor-id=\"11729\" class=\"elementor elementor-11729\" data-elementor-post-type=\"page\">\n\t\t\t\t<div class=\"elementor-element elementor-element-227d581 e-flex e-con-boxed e-con e-parent\" data-id=\"227d581\" data-element_type=\"container\" data-e-type=\"container\" data-settings=\"{&quot;background_background&quot;:&quot;classic&quot;}\">\n\t\t\t\t\t<div class=\"e-con-inner\">\n\t\t\t\t<div class=\"elementor-element elementor-element-3a04f68 elementor-widget elementor-widget-heading\" data-id=\"3a04f68\" data-element_type=\"widget\" data-e-type=\"widget\" data-widget_type=\"heading.default\">\n\t\t\t\t<div class=\"elementor-widget-container\">\n\t\t\t\t\t<h1 class=\"elementor-heading-title elementor-size-default\">M\u00e9todos de pagamento<\/h1>\t\t\t\t<\/div>\n\t\t\t\t<\/div>\n\t\t\t\t<div class=\"elementor-element elementor-element-3aa0bdc elementor-widget elementor-widget-text-editor\" data-id=\"3aa0bdc\" data-element_type=\"widget\" data-e-type=\"widget\" data-widget_type=\"text-editor.default\">\n\t\t\t\t<div class=\"elementor-widget-container\">\n\t\t\t\t\t\t\t\t\t<div id=\"bgLayers_comp-lmyw9jea2\" class=\"MW5IWV\" data-hook=\"bgLayers\" data-motion-part=\"BG_LAYER comp-lmyw9jea2\"><section id=\"comp-lmyw9jer1\" class=\"Oqnisf comp-lmyw9jer1 wixui-section\" tabindex=\"-1\" data-block-level-container=\"ClassicSection\"><div class=\"\" data-mesh-id=\"comp-lmyw9jer1inlineContent\" data-testid=\"inline-content\"><div data-mesh-id=\"comp-lmyw9jer1inlineContent-gridContainer\" data-testid=\"mesh-container-content\"><div id=\"comp-j8u4y6yo\" class=\"HcOXKn SxM0TO QxJLC3 lq2cno YQcXTT comp-j8u4y6yo wixui-rich-text\" data-testid=\"richTextElement\">\u00a0<\/div><div id=\"comp-j8bj54s7\" class=\"HcOXKn c9GqVL QxJLC3 lq2cno YQcXTT comp-j8bj54s7 wixui-rich-text\" data-testid=\"richTextElement\">\u00a0<\/div><\/div><\/div><\/section><section id=\"comp-lmyw9jer2\" class=\"Oqnisf comp-lmyw9jer2 wixui-section\" tabindex=\"-1\" data-block-level-container=\"ClassicSection\"><h2 class=\"VgO9Yg\" data-motion-part=\"BG_MEDIA comp-lmyw9jer2\"><span style=\"color: #000000;\">Garantias<\/span><\/h2><div class=\"\" data-mesh-id=\"comp-lmyw9jer2inlineContent\" data-testid=\"inline-content\"><div data-mesh-id=\"comp-lmyw9jer2inlineContent-gridContainer\" data-testid=\"mesh-container-content\"><div id=\"comp-j8bj7nb0\" class=\"HcOXKn SxM0TO QxJLC3 lq2cno YQcXTT comp-j8bj7nb0 wixui-rich-text\" data-testid=\"richTextElement\"><p>A M2CAMPER garante a qualidade dos nossos produtos fabricados<\/p><p>Para fazer uso desta garantia, \u00e9 necess\u00e1rio o comprovante de compra.<\/p><h2><span style=\"color: #000000;\">Prazos de entrega<\/span><\/h2><\/div><div id=\"comp-j8bj7nb11\" class=\"HcOXKn SxM0TO QxJLC3 lq2cno YQcXTT comp-j8bj7nb11 wixui-rich-text\" data-testid=\"richTextElement\"><p class=\"font_8 wixui-rich-text__text\">Os prazos de entrega depender\u00e3o dos produtos em estoque com entregas vari\u00e1veis.<\/p><p class=\"font_8 wixui-rich-text__text\">entre 4 a 5 dias \u00fateis, exceto por fatores externos alheios \u00e0 nossa vontade (greves,<\/p><p class=\"font_8 wixui-rich-text__text\">indisponibilidade de materiais, etc.) e os termos e condi\u00e7\u00f5es acordados podem ser modificados<\/p><p class=\"font_8 wixui-rich-text__text\">\u00a0<\/p><\/div><div id=\"comp-j8bj7uuq\" class=\"HcOXKn SxM0TO QxJLC3 lq2cno YQcXTT comp-j8bj7uuq wixui-rich-text\" data-testid=\"richTextElement\"><h2 class=\"font_6 wixui-rich-text__text\"><span class=\"wixui-rich-text__text\" style=\"color: #000000;\">M\u00e9todos de pagamento<\/span><\/h2><\/div><div id=\"comp-j8bj7uur\" class=\"HcOXKn SxM0TO QxJLC3 lq2cno YQcXTT comp-j8bj7uur wixui-rich-text\" data-testid=\"richTextElement\"><ul class=\"font_8 wixui-rich-text__text\"><li class=\"wixui-rich-text__text\"><p class=\"font_8 wixui-rich-text__text\">Cart\u00e3o de cr\u00e9dito e d\u00e9bito<\/p><\/li><li class=\"wixui-rich-text__text\"><p class=\"font_8 wixui-rich-text__text\">Transfer\u00eancia banc\u00e1ria<\/p><\/li><li class=\"wixui-rich-text__text\"><p class=\"font_8 wixui-rich-text__text\">Bizum<\/p><\/li><li class=\"wixui-rich-text__text\"><p class=\"font_8 wixui-rich-text__text\">Pagamento em dinheiro na oficina<\/p><\/li><\/ul><\/div><\/div><\/div><\/section><\/div>\t\t\t\t\t\t\t\t<\/div>\n\t\t\t\t<\/div>\n\t\t\t\t\t<\/div>\n\t\t\t\t<\/div>\n\t\t\t\t<\/div>","protected":false},"excerpt":{"rendered":"<p>M\u00e9todos de pago \u00a0\u00a0 Garant\u00edas M2CAMPER garantiza la calidad de nuestros productos fabricados Para hacer uso de esta garant\u00eda se requiere de justificante de compra Plazos de entrega Los plazos de entrega depender\u00e1n de los productos en stock con entregas variables entre los 4 a 5 d\u00edas h\u00e1biles ,exceptuando factores externos ajenos a nosotros (huelgas,&hellip;&nbsp;<a href=\"https:\/\/m2camper.com\/pt\/metodos-de-pagamento\/\" rel=\"bookmark\">Ler mais &raquo;<span class=\"screen-reader-text\">M\u00e9todos de pagamento<\/span><\/a><\/p>","protected":false},"author":5740,"featured_media":0,"parent":0,"menu_order":0,"comment_status":"closed","ping_status":"closed","template":"page-templates\/template-pagebuilder-full-width.php","meta":{"neve_meta_sidebar":"","neve_meta_container":"","neve_meta_enable_content_width":"off","neve_meta_content_width":100,"neve_meta_title_alignment":"","neve_meta_author_avatar":"","neve_post_elements_order":"","neve_meta_disable_header":"","neve_meta_disable_footer":"","neve_meta_disable_title":"","footnotes":""},"class_list":["post-11729","page","type-page","status-publish","hentry"],"yoast_head":"<!-- This site is optimized with the Yoast SEO plugin v27.4 - https:\/\/yoast.com\/product\/yoast-seo-wordpress\/ -->\n<title>M\u00e9todos de pago - M2 Camper | Aislantes t\u00e9rmicos y oscurecedores para campers<\/title>\n<meta name=\"robots\" content=\"noindex, nofollow\" \/>\n<meta property=\"og:locale\" content=\"pt_PT\" \/>\n<meta property=\"og:type\" content=\"article\" \/>\n<meta property=\"og:title\" content=\"M\u00e9todos de pago - M2 Camper | Aislantes t\u00e9rmicos y oscurecedores para campers\" \/>\n<meta property=\"og:description\" content=\"M\u00e9todos de pago \u00a0\u00a0 Garant\u00edas M2CAMPER garantiza la calidad de nuestros productos fabricados Para hacer uso de esta garant\u00eda se requiere de justificante de compra Plazos de entrega Los plazos de entrega depender\u00e1n de los productos en stock con entregas variables entre los 4 a 5 d\u00edas h\u00e1biles ,exceptuando factores externos ajenos a nosotros (huelgas,&hellip;&nbsp;Ler mais &raquo;M\u00e9todos de pago\" \/>\n<meta property=\"og:url\" content=\"https:\/\/m2camper.com\/pt\/metodos-de-pagamento\/\" \/>\n<meta property=\"og:site_name\" content=\"M2 Camper | Aislantes t\u00e9rmicos y oscurecedores para campers\" \/>\n<meta property=\"article:modified_time\" content=\"2026-04-09T14:07:42+00:00\" \/>\n<meta name=\"twitter:card\" content=\"summary_large_image\" \/>\n<meta name=\"twitter:label1\" content=\"Tempo estimado de leitura\" \/>\n\t<meta name=\"twitter:data1\" content=\"1 minuto\" \/>\n<script type=\"application\/ld+json\" class=\"yoast-schema-graph\">{\"@context\":\"https:\\\/\\\/schema.org\",\"@graph\":[{\"@type\":\"WebPage\",\"@id\":\"https:\\\/\\\/m2camper.com\\\/metodos-de-pago\\\/\",\"url\":\"https:\\\/\\\/m2camper.com\\\/metodos-de-pago\\\/\",\"name\":\"M\u00e9todos de pago - M2 Camper | Aislantes t\u00e9rmicos y oscurecedores para campers\",\"isPartOf\":{\"@id\":\"https:\\\/\\\/m2camper.com\\\/pt\\\/#website\"},\"datePublished\":\"2025-02-13T08:02:20+00:00\",\"dateModified\":\"2026-04-09T14:07:42+00:00\",\"breadcrumb\":{\"@id\":\"https:\\\/\\\/m2camper.com\\\/metodos-de-pago\\\/#breadcrumb\"},\"inLanguage\":\"pt-PT\",\"potentialAction\":[{\"@type\":\"ReadAction\",\"target\":[\"https:\\\/\\\/m2camper.com\\\/metodos-de-pago\\\/\"]}]},{\"@type\":\"BreadcrumbList\",\"@id\":\"https:\\\/\\\/m2camper.com\\\/metodos-de-pago\\\/#breadcrumb\",\"itemListElement\":[{\"@type\":\"ListItem\",\"position\":1,\"name\":\"Portada\",\"item\":\"https:\\\/\\\/m2camper.com\\\/pt\\\/\"},{\"@type\":\"ListItem\",\"position\":2,\"name\":\"M\u00e9todos de pago\"}]},{\"@type\":\"WebSite\",\"@id\":\"https:\\\/\\\/m2camper.com\\\/pt\\\/#website\",\"url\":\"https:\\\/\\\/m2camper.com\\\/pt\\\/\",\"name\":\"M2 Campers | Aislantes t\u00e9rmicos y oscurecedores para campers\",\"description\":\"Descubre calidad y confort de nuestros aislantes t\u00e9rmicos oscurecedores y colchones para veh\u00edculos. Optimiza tu experiencia en carretera con M2 Camper.\",\"potentialAction\":[{\"@type\":\"SearchAction\",\"target\":{\"@type\":\"EntryPoint\",\"urlTemplate\":\"https:\\\/\\\/m2camper.com\\\/pt\\\/?s={search_term_string}\"},\"query-input\":{\"@type\":\"PropertyValueSpecification\",\"valueRequired\":true,\"valueName\":\"search_term_string\"}}],\"inLanguage\":\"pt-PT\"}]}<\/script>\n<!-- \/ Yoast SEO plugin. -->","yoast_head_json":{"title":"Formas de Pagamento - M2 Camper | Isolamento t\u00e9rmico e blackouts para campistas","robots":{"index":"noindex","follow":"nofollow"},"og_locale":"pt_PT","og_type":"article","og_title":"M\u00e9todos de pago - M2 Camper | Aislantes t\u00e9rmicos y oscurecedores para campers","og_description":"M\u00e9todos de pago \u00a0\u00a0 Garant\u00edas M2CAMPER garantiza la calidad de nuestros productos fabricados Para hacer uso de esta garant\u00eda se requiere de justificante de compra Plazos de entrega Los plazos de entrega depender\u00e1n de los productos en stock con entregas variables entre los 4 a 5 d\u00edas h\u00e1biles ,exceptuando factores externos ajenos a nosotros (huelgas,&hellip;&nbsp;Ler mais &raquo;M\u00e9todos de pago","og_url":"https:\/\/m2camper.com\/pt\/metodos-de-pagamento\/","og_site_name":"M2 Camper | Aislantes t\u00e9rmicos y oscurecedores para campers","article_modified_time":"2026-04-09T14:07:42+00:00","twitter_card":"summary_large_image","twitter_misc":{"Tempo estimado de leitura":"1 minuto"},"schema":{"@context":"https:\/\/schema.org","@graph":[{"@type":"WebPage","@id":"https:\/\/m2camper.com\/metodos-de-pago\/","url":"https:\/\/m2camper.com\/metodos-de-pago\/","name":"Formas de Pagamento - M2 Camper | Isolamento t\u00e9rmico e blackouts para campistas","isPartOf":{"@id":"https:\/\/m2camper.com\/pt\/#website"},"datePublished":"2025-02-13T08:02:20+00:00","dateModified":"2026-04-09T14:07:42+00:00","breadcrumb":{"@id":"https:\/\/m2camper.com\/metodos-de-pago\/#breadcrumb"},"inLanguage":"pt-PT","potentialAction":[{"@type":"ReadAction","target":["https:\/\/m2camper.com\/metodos-de-pago\/"]}]},{"@type":"BreadcrumbList","@id":"https:\/\/m2camper.com\/metodos-de-pago\/#breadcrumb","itemListElement":[{"@type":"ListItem","position":1,"name":"Portada","item":"https:\/\/m2camper.com\/pt\/"},{"@type":"ListItem","position":2,"name":"M\u00e9todos de pago"}]},{"@type":"WebSite","@id":"https:\/\/m2camper.com\/pt\/#website","url":"https:\/\/m2camper.com\/pt\/","name":"M2 Campers | Isolamento t\u00e9rmico e blackouts para campistas","description":"Descubra a qualidade e o conforto do nosso isolamento t\u00e9rmico blackout e dos nossos colch\u00f5es para ve\u00edculos. Otimize sua experi\u00eancia de viagem com a M2 Camper.","potentialAction":[{"@type":"SearchAction","target":{"@type":"EntryPoint","urlTemplate":"https:\/\/m2camper.com\/pt\/?s={search_term_string}"},"query-input":{"@type":"PropertyValueSpecification","valueRequired":true,"valueName":"search_term_string"}}],"inLanguage":"pt-PT"}]}},"_links":{"self":[{"href":"https:\/\/m2camper.com\/pt\/wp-json\/wp\/v2\/pages\/11729","targetHints":{"allow":["GET"]}}],"collection":[{"href":"https:\/\/m2camper.com\/pt\/wp-json\/wp\/v2\/pages"}],"about":[{"href":"https:\/\/m2camper.com\/pt\/wp-json\/wp\/v2\/types\/page"}],"author":[{"embeddable":true,"href":"https:\/\/m2camper.com\/pt\/wp-json\/wp\/v2\/users\/5740"}],"replies":[{"embeddable":true,"href":"https:\/\/m2camper.com\/pt\/wp-json\/wp\/v2\/comments?post=11729"}],"version-history":[{"count":31,"href":"https:\/\/m2camper.com\/pt\/wp-json\/wp\/v2\/pages\/11729\/revisions"}],"predecessor-version":[{"id":17075,"href":"https:\/\/m2camper.com\/pt\/wp-json\/wp\/v2\/pages\/11729\/revisions\/17075"}],"wp:attachment":[{"href":"https:\/\/m2camper.com\/pt\/wp-json\/wp\/v2\/media?parent=11729"}],"curies":[{"name":"wp","href":"https:\/\/api.w.org\/{rel}","templated":true}]}}